 {"id":2310,"date":"2021-11-23T18:34:16","date_gmt":"2021-11-23T18:34:16","guid":{"rendered":"http:\/\/dionisio.pt\/oficina\/"},"modified":"2021-12-13T14:29:14","modified_gmt":"2021-12-13T14:29:14","slug":"workshop","status":"publish","type":"page","link":"https:\/\/dionisio.pt\/en\/workshop\/","title":{"rendered":"Workshop"},"content":{"rendered":"<h2 id=\"tw-target-text\" class=\"tw-data-text tw-text-large tw-ta\" dir=\"ltr\" style=\"text-align: left;\" data-placeholder=\"Tradu\u00e7\u00e3o\"><em><span class=\"Y2IQFc\" lang=\"en\">&#8220;Excellent facilities, highly knowledgeable and professional staff.&#8221;<\/span><\/em><\/h2>\n<p>&nbsp;<\/p>\n<h4><\/h4>\n<h4 class=\"tw-data-text tw-text-large tw-ta\" dir=\"ltr\" data-placeholder=\"Tradu\u00e7\u00e3o\"><span class=\"Y2IQFc\" lang=\"en\">Regular and scheduled maintenance of your vehicle is essential to contribute to its longevity. In our workshop we have the appropriate equipment and qualified technicians for specialized and responsible maintenance of your vehicle. Our technicians receive periodic training that gives them a high level of competence and continuous knowledge. We consider each customer an asset and a crucial piece and, therefore, your satisfaction is as fundamental for you as it is for us. Leave your car in our care and just enjoy the pleasure of driving.<\/span><\/h4>\n","protected":false},"excerpt":{"rendered":"<p>&#8220;Excellent facilities, highly knowledgeable and professional staff.&#8221; &nbsp; Regular and scheduled maintenance of your vehicle is essential to contribute to its longevity. In our workshop we have the appropriate equipment and qualified technicians for specialized and responsible maintenance of your vehicle. Our technicians receive periodic training that gives them a high level of competence and [&hellip;]<\/p>\n","protected":false},"author":1,"featured_media":0,"parent":0,"menu_order":0,"comment_status":"closed","ping_status":"closed","template":"archive-oficina.php","meta":{"_vp_format_video_url":"","_vp_image_focal_point":[],"footnotes":""},"class_list":["post-2310","page","type-page","status-publish","hentry"],"yoast_head":"<!-- This site is optimized with the Yoast SEO plugin v19.2 - https:\/\/yoast.com\/wordpress\/plugins\/seo\/ -->\n<title>Workshop - Dion\u00edsio Carreiro de Almeida, Lda<\/title>\n<meta name=\"robots\" content=\"index, follow, max-snippet:-1, max-image-preview:large, max-video-preview:-1\" \/>\n<link rel=\"canonical\" href=\"https:\/\/dionisio.pt\/en\/workshop\/\" \/>\n<meta property=\"og:locale\" content=\"en_US\" \/>\n<meta property=\"og:type\" content=\"article\" \/>\n<meta property=\"og:title\" content=\"Workshop - Dion\u00edsio Carreiro de Almeida, Lda\" \/>\n<meta property=\"og:description\" content=\"&#8220;Excellent facilities, highly knowledgeable and professional staff.&#8221; &nbsp; Regular and scheduled maintenance of your vehicle is essential to contribute to its longevity. In our workshop we have the appropriate equipment and qualified technicians for specialized and responsible maintenance of your vehicle. Our technicians receive periodic training that gives them a high level of competence and [&hellip;]\" \/>\n<meta property=\"og:url\" content=\"https:\/\/dionisio.pt\/en\/workshop\/\" \/>\n<meta property=\"og:site_name\" content=\"Dion\u00edsio Carreiro de Almeida, Lda\" \/>\n<meta property=\"article:modified_time\" content=\"2021-12-13T14:29:14+00:00\" \/>\n<meta name=\"author\" content=\"administrador\" \/>\n<meta name=\"twitter:card\" content=\"summary_large_image\" \/>\n<meta name=\"twitter:label1\" content=\"Est. reading time\" \/>\n\t<meta name=\"twitter:data1\" content=\"1 minute\" \/>\n<script type=\"application\/ld+json\" class=\"yoast-schema-graph\">{\"@context\":\"https:\/\/schema.org\",\"@graph\":[{\"@type\":\"WebSite\",\"@id\":\"https:\/\/dionisio.pt\/#website\",\"url\":\"https:\/\/dionisio.pt\/\",\"name\":\"Dion\u00edsio Carreiro de Almeida, Lda\",\"description\":\"Com\u00e9rcio de viaturas novas e usadas em S\u00e3o Miguel, A\u00e7ores\",\"potentialAction\":[{\"@type\":\"SearchAction\",\"target\":{\"@type\":\"EntryPoint\",\"urlTemplate\":\"https:\/\/dionisio.pt\/?s={search_term_string}\"},\"query-input\":\"required name=search_term_string\"}],\"inLanguage\":\"en-US\"},{\"@type\":\"WebPage\",\"@id\":\"https:\/\/dionisio.pt\/en\/workshop\/#webpage\",\"url\":\"https:\/\/dionisio.pt\/en\/workshop\/\",\"name\":\"Workshop - Dion\u00edsio Carreiro de Almeida, Lda\",\"isPartOf\":{\"@id\":\"https:\/\/dionisio.pt\/#website\"},\"datePublished\":\"2021-11-23T18:34:16+00:00\",\"dateModified\":\"2021-12-13T14:29:14+00:00\",\"breadcrumb\":{\"@id\":\"https:\/\/dionisio.pt\/en\/workshop\/#breadcrumb\"},\"inLanguage\":\"en-US\",\"potentialAction\":[{\"@type\":\"ReadAction\",\"target\":[\"https:\/\/dionisio.pt\/en\/workshop\/\"]}]},{\"@type\":\"BreadcrumbList\",\"@id\":\"https:\/\/dionisio.pt\/en\/workshop\/#breadcrumb\",\"itemListElement\":[{\"@type\":\"ListItem\",\"position\":1,\"name\":\"Workshop\"}]}]}<\/script>\n<!-- \/ Yoast SEO plugin. -->","yoast_head_json":{"title":"Workshop - Dion\u00edsio Carreiro de Almeida, Lda","robots":{"index":"index","follow":"follow","max-snippet":"max-snippet:-1","max-image-preview":"max-image-preview:large","max-video-preview":"max-video-preview:-1"},"canonical":"https:\/\/dionisio.pt\/en\/workshop\/","og_locale":"en_US","og_type":"article","og_title":"Workshop - Dion\u00edsio Carreiro de Almeida, Lda","og_description":"&#8220;Excellent facilities, highly knowledgeable and professional staff.&#8221; &nbsp; Regular and scheduled maintenance of your vehicle is essential to contribute to its longevity. In our workshop we have the appropriate equipment and qualified technicians for specialized and responsible maintenance of your vehicle. Our technicians receive periodic training that gives them a high level of competence and [&hellip;]","og_url":"https:\/\/dionisio.pt\/en\/workshop\/","og_site_name":"Dion\u00edsio Carreiro de Almeida, Lda","article_modified_time":"2021-12-13T14:29:14+00:00","author":"administrador","twitter_card":"summary_large_image","twitter_misc":{"Est. reading time":"1 minute"},"schema":{"@context":"https:\/\/schema.org","@graph":[{"@type":"WebSite","@id":"https:\/\/dionisio.pt\/#website","url":"https:\/\/dionisio.pt\/","name":"Dion\u00edsio Carreiro de Almeida, Lda","description":"Com\u00e9rcio de viaturas novas e usadas em S\u00e3o Miguel, A\u00e7ores","potentialAction":[{"@type":"SearchAction","target":{"@type":"EntryPoint","urlTemplate":"https:\/\/dionisio.pt\/?s={search_term_string}"},"query-input":"required name=search_term_string"}],"inLanguage":"en-US"},{"@type":"WebPage","@id":"https:\/\/dionisio.pt\/en\/workshop\/#webpage","url":"https:\/\/dionisio.pt\/en\/workshop\/","name":"Workshop - Dion\u00edsio Carreiro de Almeida, Lda","isPartOf":{"@id":"https:\/\/dionisio.pt\/#website"},"datePublished":"2021-11-23T18:34:16+00:00","dateModified":"2021-12-13T14:29:14+00:00","breadcrumb":{"@id":"https:\/\/dionisio.pt\/en\/workshop\/#breadcrumb"},"inLanguage":"en-US","potentialAction":[{"@type":"ReadAction","target":["https:\/\/dionisio.pt\/en\/workshop\/"]}]},{"@type":"BreadcrumbList","@id":"https:\/\/dionisio.pt\/en\/workshop\/#breadcrumb","itemListElement":[{"@type":"ListItem","position":1,"name":"Workshop"}]}]}},"_links":{"self":[{"href":"https:\/\/dionisio.pt\/en\/wp-json\/wp\/v2\/pages\/2310","targetHints":{"allow":["GET"]}}],"collection":[{"href":"https:\/\/dionisio.pt\/en\/wp-json\/wp\/v2\/pages"}],"about":[{"href":"https:\/\/dionisio.pt\/en\/wp-json\/wp\/v2\/types\/page"}],"author":[{"embeddable":true,"href":"https:\/\/dionisio.pt\/en\/wp-json\/wp\/v2\/users\/1"}],"replies":[{"embeddable":true,"href":"https:\/\/dionisio.pt\/en\/wp-json\/wp\/v2\/comments?post=2310"}],"version-history":[{"count":8,"href":"https:\/\/dionisio.pt\/en\/wp-json\/wp\/v2\/pages\/2310\/revisions"}],"predecessor-version":[{"id":3943,"href":"https:\/\/dionisio.pt\/en\/wp-json\/wp\/v2\/pages\/2310\/revisions\/3943"}],"wp:attachment":[{"href":"https:\/\/dionisio.pt\/en\/wp-json\/wp\/v2\/media?parent=2310"}],"curies":[{"name":"wp","href":"https:\/\/api.w.org\/{rel}","templated":true}]}}