 {"id":431,"date":"2021-10-12T12:35:36","date_gmt":"2021-10-12T12:35:36","guid":{"rendered":"http:\/\/dionisio.pt\/sobre-nos\/"},"modified":"2023-08-30T16:06:14","modified_gmt":"2023-08-30T16:06:14","slug":"about-us","status":"publish","type":"page","link":"https:\/\/dionisio.pt\/en\/about-us\/","title":{"rendered":"About Us"},"content":{"rendered":"","protected":false},"excerpt":{"rendered":"","protected":false},"author":1,"featured_media":0,"parent":0,"menu_order":0,"comment_status":"closed","ping_status":"closed","template":"template-sobrenos.php","meta":{"_vp_format_video_url":"","_vp_image_focal_point":[],"footnotes":""},"class_list":["post-431","page","type-page","status-publish","hentry"],"yoast_head":"<!-- This site is optimized with the Yoast SEO plugin v19.2 - https:\/\/yoast.com\/wordpress\/plugins\/seo\/ -->\n<title>Mitusbishi Dealership in Azores - Dion\u00edsio Carreiro de Almeida, Lda<\/title>\n<meta name=\"description\" content=\"Mitsubishi Dealership in Azores. We sell new, semi-new and used cars with the best price and quality. Contact us!\" \/>\n<meta name=\"robots\" content=\"index, follow, max-snippet:-1, max-image-preview:large, max-video-preview:-1\" \/>\n<link rel=\"canonical\" href=\"https:\/\/dionisio.pt\/en\/about-us\/\" \/>\n<meta property=\"og:locale\" content=\"en_US\" \/>\n<meta property=\"og:type\" content=\"article\" \/>\n<meta property=\"og:title\" content=\"Mitusbishi Dealership in Azores - Dion\u00edsio Carreiro de Almeida, Lda\" \/>\n<meta property=\"og:description\" content=\"Mitsubishi Dealership in Azores. We sell new, semi-new and used cars with the best price and quality. Contact us!\" \/>\n<meta property=\"og:url\" content=\"https:\/\/dionisio.pt\/en\/about-us\/\" \/>\n<meta property=\"og:site_name\" content=\"Dion\u00edsio Carreiro de Almeida, Lda\" \/>\n<meta property=\"article:modified_time\" content=\"2023-08-30T16:06:14+00:00\" \/>\n<meta name=\"author\" content=\"administrador\" \/>\n<meta name=\"twitter:card\" content=\"summary_large_image\" \/>\n<script type=\"application\/ld+json\" class=\"yoast-schema-graph\">{\"@context\":\"https:\/\/schema.org\",\"@graph\":[{\"@type\":\"WebSite\",\"@id\":\"https:\/\/dionisio.pt\/#website\",\"url\":\"https:\/\/dionisio.pt\/\",\"name\":\"Dion\u00edsio Carreiro de Almeida, Lda\",\"description\":\"Com\u00e9rcio de viaturas novas e usadas em S\u00e3o Miguel, A\u00e7ores\",\"potentialAction\":[{\"@type\":\"SearchAction\",\"target\":{\"@type\":\"EntryPoint\",\"urlTemplate\":\"https:\/\/dionisio.pt\/?s={search_term_string}\"},\"query-input\":\"required name=search_term_string\"}],\"inLanguage\":\"en-US\"},{\"@type\":\"WebPage\",\"@id\":\"https:\/\/dionisio.pt\/en\/about-us\/#webpage\",\"url\":\"https:\/\/dionisio.pt\/en\/about-us\/\",\"name\":\"Mitusbishi Dealership in Azores - Dion\u00edsio Carreiro de Almeida, Lda\",\"isPartOf\":{\"@id\":\"https:\/\/dionisio.pt\/#website\"},\"datePublished\":\"2021-10-12T12:35:36+00:00\",\"dateModified\":\"2023-08-30T16:06:14+00:00\",\"description\":\"Mitsubishi Dealership in Azores. We sell new, semi-new and used cars with the best price and quality. Contact us!\",\"breadcrumb\":{\"@id\":\"https:\/\/dionisio.pt\/en\/about-us\/#breadcrumb\"},\"inLanguage\":\"en-US\",\"potentialAction\":[{\"@type\":\"ReadAction\",\"target\":[\"https:\/\/dionisio.pt\/en\/about-us\/\"]}]},{\"@type\":\"BreadcrumbList\",\"@id\":\"https:\/\/dionisio.pt\/en\/about-us\/#breadcrumb\",\"itemListElement\":[{\"@type\":\"ListItem\",\"position\":1,\"name\":\"About Us\"}]}]}<\/script>\n<!-- \/ Yoast SEO plugin. -->","yoast_head_json":{"title":"Mitusbishi Dealership in Azores - Dion\u00edsio Carreiro de Almeida, Lda","description":"Mitsubishi Dealership in Azores. We sell new, semi-new and used cars with the best price and quality. Contact us!","robots":{"index":"index","follow":"follow","max-snippet":"max-snippet:-1","max-image-preview":"max-image-preview:large","max-video-preview":"max-video-preview:-1"},"canonical":"https:\/\/dionisio.pt\/en\/about-us\/","og_locale":"en_US","og_type":"article","og_title":"Mitusbishi Dealership in Azores - Dion\u00edsio Carreiro de Almeida, Lda","og_description":"Mitsubishi Dealership in Azores. We sell new, semi-new and used cars with the best price and quality. Contact us!","og_url":"https:\/\/dionisio.pt\/en\/about-us\/","og_site_name":"Dion\u00edsio Carreiro de Almeida, Lda","article_modified_time":"2023-08-30T16:06:14+00:00","author":"administrador","twitter_card":"summary_large_image","schema":{"@context":"https:\/\/schema.org","@graph":[{"@type":"WebSite","@id":"https:\/\/dionisio.pt\/#website","url":"https:\/\/dionisio.pt\/","name":"Dion\u00edsio Carreiro de Almeida, Lda","description":"Com\u00e9rcio de viaturas novas e usadas em S\u00e3o Miguel, A\u00e7ores","potentialAction":[{"@type":"SearchAction","target":{"@type":"EntryPoint","urlTemplate":"https:\/\/dionisio.pt\/?s={search_term_string}"},"query-input":"required name=search_term_string"}],"inLanguage":"en-US"},{"@type":"WebPage","@id":"https:\/\/dionisio.pt\/en\/about-us\/#webpage","url":"https:\/\/dionisio.pt\/en\/about-us\/","name":"Mitusbishi Dealership in Azores - Dion\u00edsio Carreiro de Almeida, Lda","isPartOf":{"@id":"https:\/\/dionisio.pt\/#website"},"datePublished":"2021-10-12T12:35:36+00:00","dateModified":"2023-08-30T16:06:14+00:00","description":"Mitsubishi Dealership in Azores. We sell new, semi-new and used cars with the best price and quality. Contact us!","breadcrumb":{"@id":"https:\/\/dionisio.pt\/en\/about-us\/#breadcrumb"},"inLanguage":"en-US","potentialAction":[{"@type":"ReadAction","target":["https:\/\/dionisio.pt\/en\/about-us\/"]}]},{"@type":"BreadcrumbList","@id":"https:\/\/dionisio.pt\/en\/about-us\/#breadcrumb","itemListElement":[{"@type":"ListItem","position":1,"name":"About Us"}]}]}},"_links":{"self":[{"href":"https:\/\/dionisio.pt\/en\/wp-json\/wp\/v2\/pages\/431","targetHints":{"allow":["GET"]}}],"collection":[{"href":"https:\/\/dionisio.pt\/en\/wp-json\/wp\/v2\/pages"}],"about":[{"href":"https:\/\/dionisio.pt\/en\/wp-json\/wp\/v2\/types\/page"}],"author":[{"embeddable":true,"href":"https:\/\/dionisio.pt\/en\/wp-json\/wp\/v2\/users\/1"}],"replies":[{"embeddable":true,"href":"https:\/\/dionisio.pt\/en\/wp-json\/wp\/v2\/comments?post=431"}],"version-history":[{"count":20,"href":"https:\/\/dionisio.pt\/en\/wp-json\/wp\/v2\/pages\/431\/revisions"}],"predecessor-version":[{"id":7282,"href":"https:\/\/dionisio.pt\/en\/wp-json\/wp\/v2\/pages\/431\/revisions\/7282"}],"wp:attachment":[{"href":"https:\/\/dionisio.pt\/en\/wp-json\/wp\/v2\/media?parent=431"}],"curies":[{"name":"wp","href":"https:\/\/api.w.org\/{rel}","templated":true}]}}