 {"id":475,"date":"2021-10-15T12:31:35","date_gmt":"2021-10-15T12:31:35","guid":{"rendered":"http:\/\/dionisio.pt\/pecas\/"},"modified":"2021-12-13T15:42:37","modified_gmt":"2021-12-13T15:42:37","slug":"parts","status":"publish","type":"page","link":"https:\/\/dionisio.pt\/en\/parts\/","title":{"rendered":"Parts"},"content":{"rendered":"<p>[vc_row][vc_column][vc_column_text]<\/p>\n<h4 id=\"tw-target-text\" class=\"tw-data-text tw-text-large tw-ta\" dir=\"ltr\" style=\"text-align: center;\" data-placeholder=\"Tradu\u00e7\u00e3o\"><span class=\"Y2IQFc\" lang=\"en\">We have a vast stock of parts adjusted to your needs and a specialized team that can satisfy your requests with excellence. <\/span><\/h4>\n<h4 class=\"tw-data-text tw-text-large tw-ta\" dir=\"ltr\" style=\"text-align: center;\" data-placeholder=\"Tradu\u00e7\u00e3o\"><span class=\"Y2IQFc\" lang=\"en\">Fill out the form below and wait for our contact.<\/span><\/h4>\n<p>[\/vc_column_text][\/vc_column][\/vc_row]<\/p>\n","protected":false},"excerpt":{"rendered":"<p>[vc_row][vc_column][vc_column_text] We have a vast stock of parts adjusted to your needs and a specialized team that can satisfy your requests with excellence. Fill out the form below and wait for our contact. [\/vc_column_text][\/vc_column][\/vc_row]<\/p>\n","protected":false},"author":1,"featured_media":2272,"parent":0,"menu_order":0,"comment_status":"closed","ping_status":"closed","template":"template-pecas.php","meta":{"_vp_format_video_url":"","_vp_image_focal_point":[],"footnotes":""},"class_list":["post-475","page","type-page","status-publish","has-post-thumbnail","hentry"],"yoast_head":"<!-- This site is optimized with the Yoast SEO plugin v19.2 - https:\/\/yoast.com\/wordpress\/plugins\/seo\/ -->\n<title>Car Parts - Dion\u00edsio Carreiro de Almeida, Lda<\/title>\n<meta name=\"description\" content=\"We sell a different types of car parts for the brands Ford, Toyota and Mitsubishi in Ponta Delgada. Order your piece here now!\" \/>\n<meta name=\"robots\" content=\"index, follow, max-snippet:-1, max-image-preview:large, max-video-preview:-1\" \/>\n<link rel=\"canonical\" href=\"https:\/\/dionisio.pt\/en\/parts\/\" \/>\n<meta property=\"og:locale\" content=\"en_US\" \/>\n<meta property=\"og:type\" content=\"article\" \/>\n<meta property=\"og:title\" content=\"Car Parts - Dion\u00edsio Carreiro de Almeida, Lda\" \/>\n<meta property=\"og:description\" content=\"We sell a different types of car parts for the brands Ford, Toyota and Mitsubishi in Ponta Delgada. Order your piece here now!\" \/>\n<meta property=\"og:url\" content=\"https:\/\/dionisio.pt\/en\/parts\/\" \/>\n<meta property=\"og:site_name\" content=\"Dion\u00edsio Carreiro de Almeida, Lda\" \/>\n<meta property=\"article:modified_time\" content=\"2021-12-13T15:42:37+00:00\" \/>\n<meta property=\"og:image\" content=\"https:\/\/dionisio.pt\/wp-content\/uploads\/2021\/11\/planauto-pecas-auto.jpg\" \/>\n\t<meta property=\"og:image:width\" content=\"1140\" \/>\n\t<meta property=\"og:image:height\" content=\"440\" \/>\n\t<meta property=\"og:image:type\" content=\"image\/jpeg\" \/>\n<meta name=\"author\" content=\"administrador\" \/>\n<meta name=\"twitter:card\" content=\"summary_large_image\" \/>\n<meta name=\"twitter:label1\" content=\"Est. reading time\" \/>\n\t<meta name=\"twitter:data1\" content=\"1 minute\" \/>\n<script type=\"application\/ld+json\" class=\"yoast-schema-graph\">{\"@context\":\"https:\/\/schema.org\",\"@graph\":[{\"@type\":\"WebSite\",\"@id\":\"https:\/\/dionisio.pt\/#website\",\"url\":\"https:\/\/dionisio.pt\/\",\"name\":\"Dion\u00edsio Carreiro de Almeida, Lda\",\"description\":\"Com\u00e9rcio de viaturas novas e usadas em S\u00e3o Miguel, A\u00e7ores\",\"potentialAction\":[{\"@type\":\"SearchAction\",\"target\":{\"@type\":\"EntryPoint\",\"urlTemplate\":\"https:\/\/dionisio.pt\/?s={search_term_string}\"},\"query-input\":\"required name=search_term_string\"}],\"inLanguage\":\"en-US\"},{\"@type\":\"ImageObject\",\"inLanguage\":\"en-US\",\"@id\":\"https:\/\/dionisio.pt\/en\/parts\/#primaryimage\",\"url\":\"https:\/\/dionisio.pt\/wp-content\/uploads\/2021\/11\/planauto-pecas-auto.jpg\",\"contentUrl\":\"https:\/\/dionisio.pt\/wp-content\/uploads\/2021\/11\/planauto-pecas-auto.jpg\",\"width\":1140,\"height\":440},{\"@type\":\"WebPage\",\"@id\":\"https:\/\/dionisio.pt\/en\/parts\/#webpage\",\"url\":\"https:\/\/dionisio.pt\/en\/parts\/\",\"name\":\"Car Parts - Dion\u00edsio Carreiro de Almeida, Lda\",\"isPartOf\":{\"@id\":\"https:\/\/dionisio.pt\/#website\"},\"primaryImageOfPage\":{\"@id\":\"https:\/\/dionisio.pt\/en\/parts\/#primaryimage\"},\"datePublished\":\"2021-10-15T12:31:35+00:00\",\"dateModified\":\"2021-12-13T15:42:37+00:00\",\"description\":\"We sell a different types of car parts for the brands Ford, Toyota and Mitsubishi in Ponta Delgada. Order your piece here now!\",\"breadcrumb\":{\"@id\":\"https:\/\/dionisio.pt\/en\/parts\/#breadcrumb\"},\"inLanguage\":\"en-US\",\"potentialAction\":[{\"@type\":\"ReadAction\",\"target\":[\"https:\/\/dionisio.pt\/en\/parts\/\"]}]},{\"@type\":\"BreadcrumbList\",\"@id\":\"https:\/\/dionisio.pt\/en\/parts\/#breadcrumb\",\"itemListElement\":[{\"@type\":\"ListItem\",\"position\":1,\"name\":\"Parts\"}]}]}<\/script>\n<!-- \/ Yoast SEO plugin. -->","yoast_head_json":{"title":"Car Parts - Dion\u00edsio Carreiro de Almeida, Lda","description":"We sell a different types of car parts for the brands Ford, Toyota and Mitsubishi in Ponta Delgada. Order your piece here now!","robots":{"index":"index","follow":"follow","max-snippet":"max-snippet:-1","max-image-preview":"max-image-preview:large","max-video-preview":"max-video-preview:-1"},"canonical":"https:\/\/dionisio.pt\/en\/parts\/","og_locale":"en_US","og_type":"article","og_title":"Car Parts - Dion\u00edsio Carreiro de Almeida, Lda","og_description":"We sell a different types of car parts for the brands Ford, Toyota and Mitsubishi in Ponta Delgada. Order your piece here now!","og_url":"https:\/\/dionisio.pt\/en\/parts\/","og_site_name":"Dion\u00edsio Carreiro de Almeida, Lda","article_modified_time":"2021-12-13T15:42:37+00:00","og_image":[{"width":1140,"height":440,"url":"https:\/\/dionisio.pt\/wp-content\/uploads\/2021\/11\/planauto-pecas-auto.jpg","type":"image\/jpeg"}],"author":"administrador","twitter_card":"summary_large_image","twitter_misc":{"Est. reading time":"1 minute"},"schema":{"@context":"https:\/\/schema.org","@graph":[{"@type":"WebSite","@id":"https:\/\/dionisio.pt\/#website","url":"https:\/\/dionisio.pt\/","name":"Dion\u00edsio Carreiro de Almeida, Lda","description":"Com\u00e9rcio de viaturas novas e usadas em S\u00e3o Miguel, A\u00e7ores","potentialAction":[{"@type":"SearchAction","target":{"@type":"EntryPoint","urlTemplate":"https:\/\/dionisio.pt\/?s={search_term_string}"},"query-input":"required name=search_term_string"}],"inLanguage":"en-US"},{"@type":"ImageObject","inLanguage":"en-US","@id":"https:\/\/dionisio.pt\/en\/parts\/#primaryimage","url":"https:\/\/dionisio.pt\/wp-content\/uploads\/2021\/11\/planauto-pecas-auto.jpg","contentUrl":"https:\/\/dionisio.pt\/wp-content\/uploads\/2021\/11\/planauto-pecas-auto.jpg","width":1140,"height":440},{"@type":"WebPage","@id":"https:\/\/dionisio.pt\/en\/parts\/#webpage","url":"https:\/\/dionisio.pt\/en\/parts\/","name":"Car Parts - Dion\u00edsio Carreiro de Almeida, Lda","isPartOf":{"@id":"https:\/\/dionisio.pt\/#website"},"primaryImageOfPage":{"@id":"https:\/\/dionisio.pt\/en\/parts\/#primaryimage"},"datePublished":"2021-10-15T12:31:35+00:00","dateModified":"2021-12-13T15:42:37+00:00","description":"We sell a different types of car parts for the brands Ford, Toyota and Mitsubishi in Ponta Delgada. Order your piece here now!","breadcrumb":{"@id":"https:\/\/dionisio.pt\/en\/parts\/#breadcrumb"},"inLanguage":"en-US","potentialAction":[{"@type":"ReadAction","target":["https:\/\/dionisio.pt\/en\/parts\/"]}]},{"@type":"BreadcrumbList","@id":"https:\/\/dionisio.pt\/en\/parts\/#breadcrumb","itemListElement":[{"@type":"ListItem","position":1,"name":"Parts"}]}]}},"_links":{"self":[{"href":"https:\/\/dionisio.pt\/en\/wp-json\/wp\/v2\/pages\/475","targetHints":{"allow":["GET"]}}],"collection":[{"href":"https:\/\/dionisio.pt\/en\/wp-json\/wp\/v2\/pages"}],"about":[{"href":"https:\/\/dionisio.pt\/en\/wp-json\/wp\/v2\/types\/page"}],"author":[{"embeddable":true,"href":"https:\/\/dionisio.pt\/en\/wp-json\/wp\/v2\/users\/1"}],"replies":[{"embeddable":true,"href":"https:\/\/dionisio.pt\/en\/wp-json\/wp\/v2\/comments?post=475"}],"version-history":[{"count":2,"href":"https:\/\/dionisio.pt\/en\/wp-json\/wp\/v2\/pages\/475\/revisions"}],"predecessor-version":[{"id":3982,"href":"https:\/\/dionisio.pt\/en\/wp-json\/wp\/v2\/pages\/475\/revisions\/3982"}],"wp:featuredmedia":[{"embeddable":true,"href":"https:\/\/dionisio.pt\/en\/wp-json\/wp\/v2\/media\/2272"}],"wp:attachment":[{"href":"https:\/\/dionisio.pt\/en\/wp-json\/wp\/v2\/media?parent=475"}],"curies":[{"name":"wp","href":"https:\/\/api.w.org\/{rel}","templated":true}]}}