 {"id":481,"date":"2021-10-19T13:08:03","date_gmt":"2021-10-19T13:08:03","guid":{"rendered":"http:\/\/dionisio.pt\/?page_id=481"},"modified":"2021-10-29T17:07:36","modified_gmt":"2021-10-29T17:07:36","slug":"news-blog","status":"publish","type":"page","link":"https:\/\/dionisio.pt\/en\/news-blog\/","title":{"rendered":"News\/Blog"},"content":{"rendered":"","protected":false},"excerpt":{"rendered":"","protected":false},"author":1,"featured_media":0,"parent":0,"menu_order":0,"comment_status":"closed","ping_status":"closed","template":"template-noticias.php","meta":{"_vp_format_video_url":"","_vp_image_focal_point":[],"footnotes":""},"class_list":["post-481","page","type-page","status-publish","hentry"],"yoast_head":"<!-- This site is optimized with the Yoast SEO plugin v19.2 - https:\/\/yoast.com\/wordpress\/plugins\/seo\/ -->\n<title>Car News - Dion\u00edsio Carreiro de Almeida, Lda<\/title>\n<meta name=\"description\" content=\"Are you passionate about cars? Stay tuned to our blog to get all the news about cars without missing anything!\" \/>\n<meta name=\"robots\" content=\"index, follow, max-snippet:-1, max-image-preview:large, max-video-preview:-1\" \/>\n<link rel=\"canonical\" href=\"https:\/\/dionisio.pt\/en\/news-blog\/\" \/>\n<meta property=\"og:locale\" content=\"en_US\" \/>\n<meta property=\"og:type\" content=\"article\" \/>\n<meta property=\"og:title\" content=\"Car News - Dion\u00edsio Carreiro de Almeida, Lda\" \/>\n<meta property=\"og:description\" content=\"Are you passionate about cars? Stay tuned to our blog to get all the news about cars without missing anything!\" \/>\n<meta property=\"og:url\" content=\"https:\/\/dionisio.pt\/en\/news-blog\/\" \/>\n<meta property=\"og:site_name\" content=\"Dion\u00edsio Carreiro de Almeida, Lda\" \/>\n<meta property=\"article:modified_time\" content=\"2021-10-29T17:07:36+00:00\" \/>\n<meta name=\"author\" content=\"administrador\" \/>\n<meta name=\"twitter:card\" content=\"summary_large_image\" \/>\n<script type=\"application\/ld+json\" class=\"yoast-schema-graph\">{\"@context\":\"https:\/\/schema.org\",\"@graph\":[{\"@type\":\"WebSite\",\"@id\":\"https:\/\/dionisio.pt\/#website\",\"url\":\"https:\/\/dionisio.pt\/\",\"name\":\"Dion\u00edsio Carreiro de Almeida, Lda\",\"description\":\"Com\u00e9rcio de viaturas novas e usadas em S\u00e3o Miguel, A\u00e7ores\",\"potentialAction\":[{\"@type\":\"SearchAction\",\"target\":{\"@type\":\"EntryPoint\",\"urlTemplate\":\"https:\/\/dionisio.pt\/?s={search_term_string}\"},\"query-input\":\"required name=search_term_string\"}],\"inLanguage\":\"en-US\"},{\"@type\":\"WebPage\",\"@id\":\"https:\/\/dionisio.pt\/en\/news-blog\/#webpage\",\"url\":\"https:\/\/dionisio.pt\/en\/news-blog\/\",\"name\":\"Car News - Dion\u00edsio Carreiro de Almeida, Lda\",\"isPartOf\":{\"@id\":\"https:\/\/dionisio.pt\/#website\"},\"datePublished\":\"2021-10-19T13:08:03+00:00\",\"dateModified\":\"2021-10-29T17:07:36+00:00\",\"description\":\"Are you passionate about cars? Stay tuned to our blog to get all the news about cars without missing anything!\",\"breadcrumb\":{\"@id\":\"https:\/\/dionisio.pt\/en\/news-blog\/#breadcrumb\"},\"inLanguage\":\"en-US\",\"potentialAction\":[{\"@type\":\"ReadAction\",\"target\":[\"https:\/\/dionisio.pt\/en\/news-blog\/\"]}]},{\"@type\":\"BreadcrumbList\",\"@id\":\"https:\/\/dionisio.pt\/en\/news-blog\/#breadcrumb\",\"itemListElement\":[{\"@type\":\"ListItem\",\"position\":1,\"name\":\"News\/Blog\"}]}]}<\/script>\n<!-- \/ Yoast SEO plugin. -->","yoast_head_json":{"title":"Car News - Dion\u00edsio Carreiro de Almeida, Lda","description":"Are you passionate about cars? Stay tuned to our blog to get all the news about cars without missing anything!","robots":{"index":"index","follow":"follow","max-snippet":"max-snippet:-1","max-image-preview":"max-image-preview:large","max-video-preview":"max-video-preview:-1"},"canonical":"https:\/\/dionisio.pt\/en\/news-blog\/","og_locale":"en_US","og_type":"article","og_title":"Car News - Dion\u00edsio Carreiro de Almeida, Lda","og_description":"Are you passionate about cars? Stay tuned to our blog to get all the news about cars without missing anything!","og_url":"https:\/\/dionisio.pt\/en\/news-blog\/","og_site_name":"Dion\u00edsio Carreiro de Almeida, Lda","article_modified_time":"2021-10-29T17:07:36+00:00","author":"administrador","twitter_card":"summary_large_image","schema":{"@context":"https:\/\/schema.org","@graph":[{"@type":"WebSite","@id":"https:\/\/dionisio.pt\/#website","url":"https:\/\/dionisio.pt\/","name":"Dion\u00edsio Carreiro de Almeida, Lda","description":"Com\u00e9rcio de viaturas novas e usadas em S\u00e3o Miguel, A\u00e7ores","potentialAction":[{"@type":"SearchAction","target":{"@type":"EntryPoint","urlTemplate":"https:\/\/dionisio.pt\/?s={search_term_string}"},"query-input":"required name=search_term_string"}],"inLanguage":"en-US"},{"@type":"WebPage","@id":"https:\/\/dionisio.pt\/en\/news-blog\/#webpage","url":"https:\/\/dionisio.pt\/en\/news-blog\/","name":"Car News - Dion\u00edsio Carreiro de Almeida, Lda","isPartOf":{"@id":"https:\/\/dionisio.pt\/#website"},"datePublished":"2021-10-19T13:08:03+00:00","dateModified":"2021-10-29T17:07:36+00:00","description":"Are you passionate about cars? Stay tuned to our blog to get all the news about cars without missing anything!","breadcrumb":{"@id":"https:\/\/dionisio.pt\/en\/news-blog\/#breadcrumb"},"inLanguage":"en-US","potentialAction":[{"@type":"ReadAction","target":["https:\/\/dionisio.pt\/en\/news-blog\/"]}]},{"@type":"BreadcrumbList","@id":"https:\/\/dionisio.pt\/en\/news-blog\/#breadcrumb","itemListElement":[{"@type":"ListItem","position":1,"name":"News\/Blog"}]}]}},"_links":{"self":[{"href":"https:\/\/dionisio.pt\/en\/wp-json\/wp\/v2\/pages\/481","targetHints":{"allow":["GET"]}}],"collection":[{"href":"https:\/\/dionisio.pt\/en\/wp-json\/wp\/v2\/pages"}],"about":[{"href":"https:\/\/dionisio.pt\/en\/wp-json\/wp\/v2\/types\/page"}],"author":[{"embeddable":true,"href":"https:\/\/dionisio.pt\/en\/wp-json\/wp\/v2\/users\/1"}],"replies":[{"embeddable":true,"href":"https:\/\/dionisio.pt\/en\/wp-json\/wp\/v2\/comments?post=481"}],"version-history":[{"count":1,"href":"https:\/\/dionisio.pt\/en\/wp-json\/wp\/v2\/pages\/481\/revisions"}],"predecessor-version":[{"id":482,"href":"https:\/\/dionisio.pt\/en\/wp-json\/wp\/v2\/pages\/481\/revisions\/482"}],"wp:attachment":[{"href":"https:\/\/dionisio.pt\/en\/wp-json\/wp\/v2\/media?parent=481"}],"curies":[{"name":"wp","href":"https:\/\/api.w.org\/{rel}","templated":true}]}}