 {"id":2311,"date":"2021-11-23T18:34:16","date_gmt":"2021-11-23T18:34:16","guid":{"rendered":"http:\/\/dionisio.pt\/oficina\/"},"modified":"2021-12-13T14:30:03","modified_gmt":"2021-12-13T14:30:03","slug":"taller","status":"publish","type":"page","link":"https:\/\/dionisio.pt\/es\/taller\/","title":{"rendered":"Taller"},"content":{"rendered":"<h2 id=\"tw-target-text\" class=\"tw-data-text tw-text-large tw-ta\" dir=\"ltr\" data-placeholder=\"Tradu\u00e7\u00e3o\"><em><span class=\"Y2IQFc\" lang=\"es\">\u00abExcelentes instalaciones, personal altamente capacitado y profesional\u00bb.<\/span><\/em><\/h2>\n<p>&nbsp;<\/p>\n<h5 class=\"tw-data-text tw-text-large tw-ta\" dir=\"ltr\" data-placeholder=\"Tradu\u00e7\u00e3o\"><span style=\"font-size: 16px;\">El mantenimiento regular y programado de su veh\u00edculo es esencial para contribuir a su longevidad. En nuestro taller contamos con el equipo adecuado y t\u00e9cnicos calificados para el mantenimiento especializado y responsable de su veh\u00edculo. Nuestros t\u00e9cnicos reciben una formaci\u00f3n peri\u00f3dica que les otorga un alto nivel de competencia y conocimiento continuo. Consideramos a cada cliente un activo y una pieza fundamental y, por ello, su satisfacci\u00f3n es tan fundamental para usted como para nosotros. Deje su coche a nuestro cuidado y disfrute del placer de conducir.<\/span><\/h5>\n","protected":false},"excerpt":{"rendered":"<p>\u00abExcelentes instalaciones, personal altamente capacitado y profesional\u00bb. &nbsp; El mantenimiento regular y programado de su veh\u00edculo es esencial para contribuir a su longevidad. En nuestro taller contamos con el equipo adecuado y t\u00e9cnicos calificados para el mantenimiento especializado y responsable de su veh\u00edculo. Nuestros t\u00e9cnicos reciben una formaci\u00f3n peri\u00f3dica que les otorga un alto nivel [&hellip;]<\/p>\n","protected":false},"author":1,"featured_media":0,"parent":0,"menu_order":0,"comment_status":"closed","ping_status":"closed","template":"archive-oficina.php","meta":{"_vp_format_video_url":"","_vp_image_focal_point":[],"footnotes":""},"class_list":["post-2311","page","type-page","status-publish","hentry"],"yoast_head":"<!-- This site is optimized with the Yoast SEO plugin v19.2 - https:\/\/yoast.com\/wordpress\/plugins\/seo\/ -->\n<title>Taller - Dion\u00edsio Carreiro de Almeida, Lda<\/title>\n<meta name=\"robots\" content=\"index, follow, max-snippet:-1, max-image-preview:large, max-video-preview:-1\" \/>\n<link rel=\"canonical\" href=\"https:\/\/dionisio.pt\/es\/taller\/\" \/>\n<meta property=\"og:locale\" content=\"es_ES\" \/>\n<meta property=\"og:type\" content=\"article\" \/>\n<meta property=\"og:title\" content=\"Taller - Dion\u00edsio Carreiro de Almeida, Lda\" \/>\n<meta property=\"og:description\" content=\"\u00abExcelentes instalaciones, personal altamente capacitado y profesional\u00bb. &nbsp; El mantenimiento regular y programado de su veh\u00edculo es esencial para contribuir a su longevidad. En nuestro taller contamos con el equipo adecuado y t\u00e9cnicos calificados para el mantenimiento especializado y responsable de su veh\u00edculo. Nuestros t\u00e9cnicos reciben una formaci\u00f3n peri\u00f3dica que les otorga un alto nivel [&hellip;]\" \/>\n<meta property=\"og:url\" content=\"https:\/\/dionisio.pt\/es\/taller\/\" \/>\n<meta property=\"og:site_name\" content=\"Dion\u00edsio Carreiro de Almeida, Lda\" \/>\n<meta property=\"article:modified_time\" content=\"2021-12-13T14:30:03+00:00\" \/>\n<meta name=\"author\" content=\"administrador\" \/>\n<meta name=\"twitter:card\" content=\"summary_large_image\" \/>\n<meta name=\"twitter:label1\" content=\"Tiempo de lectura\" \/>\n\t<meta name=\"twitter:data1\" content=\"1 minuto\" \/>\n<script type=\"application\/ld+json\" class=\"yoast-schema-graph\">{\"@context\":\"https:\/\/schema.org\",\"@graph\":[{\"@type\":\"WebSite\",\"@id\":\"https:\/\/dionisio.pt\/#website\",\"url\":\"https:\/\/dionisio.pt\/\",\"name\":\"Dion\u00edsio Carreiro de Almeida, Lda\",\"description\":\"Com\u00e9rcio de viaturas novas e usadas em S\u00e3o Miguel, A\u00e7ores\",\"potentialAction\":[{\"@type\":\"SearchAction\",\"target\":{\"@type\":\"EntryPoint\",\"urlTemplate\":\"https:\/\/dionisio.pt\/?s={search_term_string}\"},\"query-input\":\"required name=search_term_string\"}],\"inLanguage\":\"es\"},{\"@type\":\"WebPage\",\"@id\":\"https:\/\/dionisio.pt\/es\/taller\/#webpage\",\"url\":\"https:\/\/dionisio.pt\/es\/taller\/\",\"name\":\"Taller - Dion\u00edsio Carreiro de Almeida, Lda\",\"isPartOf\":{\"@id\":\"https:\/\/dionisio.pt\/#website\"},\"datePublished\":\"2021-11-23T18:34:16+00:00\",\"dateModified\":\"2021-12-13T14:30:03+00:00\",\"breadcrumb\":{\"@id\":\"https:\/\/dionisio.pt\/es\/taller\/#breadcrumb\"},\"inLanguage\":\"es\",\"potentialAction\":[{\"@type\":\"ReadAction\",\"target\":[\"https:\/\/dionisio.pt\/es\/taller\/\"]}]},{\"@type\":\"BreadcrumbList\",\"@id\":\"https:\/\/dionisio.pt\/es\/taller\/#breadcrumb\",\"itemListElement\":[{\"@type\":\"ListItem\",\"position\":1,\"name\":\"Taller\"}]}]}<\/script>\n<!-- \/ Yoast SEO plugin. -->","yoast_head_json":{"title":"Taller - Dion\u00edsio Carreiro de Almeida, Lda","robots":{"index":"index","follow":"follow","max-snippet":"max-snippet:-1","max-image-preview":"max-image-preview:large","max-video-preview":"max-video-preview:-1"},"canonical":"https:\/\/dionisio.pt\/es\/taller\/","og_locale":"es_ES","og_type":"article","og_title":"Taller - Dion\u00edsio Carreiro de Almeida, Lda","og_description":"\u00abExcelentes instalaciones, personal altamente capacitado y profesional\u00bb. &nbsp; El mantenimiento regular y programado de su veh\u00edculo es esencial para contribuir a su longevidad. En nuestro taller contamos con el equipo adecuado y t\u00e9cnicos calificados para el mantenimiento especializado y responsable de su veh\u00edculo. Nuestros t\u00e9cnicos reciben una formaci\u00f3n peri\u00f3dica que les otorga un alto nivel [&hellip;]","og_url":"https:\/\/dionisio.pt\/es\/taller\/","og_site_name":"Dion\u00edsio Carreiro de Almeida, Lda","article_modified_time":"2021-12-13T14:30:03+00:00","author":"administrador","twitter_card":"summary_large_image","twitter_misc":{"Tiempo de lectura":"1 minuto"},"schema":{"@context":"https:\/\/schema.org","@graph":[{"@type":"WebSite","@id":"https:\/\/dionisio.pt\/#website","url":"https:\/\/dionisio.pt\/","name":"Dion\u00edsio Carreiro de Almeida, Lda","description":"Com\u00e9rcio de viaturas novas e usadas em S\u00e3o Miguel, A\u00e7ores","potentialAction":[{"@type":"SearchAction","target":{"@type":"EntryPoint","urlTemplate":"https:\/\/dionisio.pt\/?s={search_term_string}"},"query-input":"required name=search_term_string"}],"inLanguage":"es"},{"@type":"WebPage","@id":"https:\/\/dionisio.pt\/es\/taller\/#webpage","url":"https:\/\/dionisio.pt\/es\/taller\/","name":"Taller - Dion\u00edsio Carreiro de Almeida, Lda","isPartOf":{"@id":"https:\/\/dionisio.pt\/#website"},"datePublished":"2021-11-23T18:34:16+00:00","dateModified":"2021-12-13T14:30:03+00:00","breadcrumb":{"@id":"https:\/\/dionisio.pt\/es\/taller\/#breadcrumb"},"inLanguage":"es","potentialAction":[{"@type":"ReadAction","target":["https:\/\/dionisio.pt\/es\/taller\/"]}]},{"@type":"BreadcrumbList","@id":"https:\/\/dionisio.pt\/es\/taller\/#breadcrumb","itemListElement":[{"@type":"ListItem","position":1,"name":"Taller"}]}]}},"_links":{"self":[{"href":"https:\/\/dionisio.pt\/es\/wp-json\/wp\/v2\/pages\/2311","targetHints":{"allow":["GET"]}}],"collection":[{"href":"https:\/\/dionisio.pt\/es\/wp-json\/wp\/v2\/pages"}],"about":[{"href":"https:\/\/dionisio.pt\/es\/wp-json\/wp\/v2\/types\/page"}],"author":[{"embeddable":true,"href":"https:\/\/dionisio.pt\/es\/wp-json\/wp\/v2\/users\/1"}],"replies":[{"embeddable":true,"href":"https:\/\/dionisio.pt\/es\/wp-json\/wp\/v2\/comments?post=2311"}],"version-history":[{"count":5,"href":"https:\/\/dionisio.pt\/es\/wp-json\/wp\/v2\/pages\/2311\/revisions"}],"predecessor-version":[{"id":3944,"href":"https:\/\/dionisio.pt\/es\/wp-json\/wp\/v2\/pages\/2311\/revisions\/3944"}],"wp:attachment":[{"href":"https:\/\/dionisio.pt\/es\/wp-json\/wp\/v2\/media?parent=2311"}],"curies":[{"name":"wp","href":"https:\/\/api.w.org\/{rel}","templated":true}]}}