 {"id":434,"date":"2021-10-12T12:35:36","date_gmt":"2021-10-12T12:35:36","guid":{"rendered":"http:\/\/dionisio.pt\/sobre-nos\/"},"modified":"2023-08-30T16:07:11","modified_gmt":"2023-08-30T16:07:11","slug":"sobre-nosotros","status":"publish","type":"page","link":"https:\/\/dionisio.pt\/es\/sobre-nosotros\/","title":{"rendered":"Sobre nosotros"},"content":{"rendered":"","protected":false},"excerpt":{"rendered":"","protected":false},"author":1,"featured_media":0,"parent":0,"menu_order":0,"comment_status":"closed","ping_status":"closed","template":"template-sobrenos.php","meta":{"_vp_format_video_url":"","_vp_image_focal_point":[],"footnotes":""},"class_list":["post-434","page","type-page","status-publish","hentry"],"yoast_head":"<!-- This site is optimized with the Yoast SEO plugin v19.2 - https:\/\/yoast.com\/wordpress\/plugins\/seo\/ -->\n<title>Concesionario Mitsubishi en las Azores - Dion\u00edsio Carreiro de Almeida, Lda<\/title>\n<meta name=\"description\" content=\"Concesionario Mitsubishi en las Azores. Vendemos coches nuevos, seminuevos y usados \u200b\u200bal mejor precio y calidad. \u00a1Cont\u00e1ctenos!\" \/>\n<meta name=\"robots\" content=\"index, follow, max-snippet:-1, max-image-preview:large, max-video-preview:-1\" \/>\n<link rel=\"canonical\" href=\"https:\/\/dionisio.pt\/es\/sobre-nosotros\/\" \/>\n<meta property=\"og:locale\" content=\"es_ES\" \/>\n<meta property=\"og:type\" content=\"article\" \/>\n<meta property=\"og:title\" content=\"Concesionario Mitsubishi en las Azores - Dion\u00edsio Carreiro de Almeida, Lda\" \/>\n<meta property=\"og:description\" content=\"Concesionario Mitsubishi en las Azores. Vendemos coches nuevos, seminuevos y usados \u200b\u200bal mejor precio y calidad. \u00a1Cont\u00e1ctenos!\" \/>\n<meta property=\"og:url\" content=\"https:\/\/dionisio.pt\/es\/sobre-nosotros\/\" \/>\n<meta property=\"og:site_name\" content=\"Dion\u00edsio Carreiro de Almeida, Lda\" \/>\n<meta property=\"article:modified_time\" content=\"2023-08-30T16:07:11+00:00\" \/>\n<meta name=\"author\" content=\"administrador\" \/>\n<meta name=\"twitter:card\" content=\"summary_large_image\" \/>\n<script type=\"application\/ld+json\" class=\"yoast-schema-graph\">{\"@context\":\"https:\/\/schema.org\",\"@graph\":[{\"@type\":\"WebSite\",\"@id\":\"https:\/\/dionisio.pt\/#website\",\"url\":\"https:\/\/dionisio.pt\/\",\"name\":\"Dion\u00edsio Carreiro de Almeida, Lda\",\"description\":\"Com\u00e9rcio de viaturas novas e usadas em S\u00e3o Miguel, A\u00e7ores\",\"potentialAction\":[{\"@type\":\"SearchAction\",\"target\":{\"@type\":\"EntryPoint\",\"urlTemplate\":\"https:\/\/dionisio.pt\/?s={search_term_string}\"},\"query-input\":\"required name=search_term_string\"}],\"inLanguage\":\"es\"},{\"@type\":\"WebPage\",\"@id\":\"https:\/\/dionisio.pt\/es\/sobre-nosotros\/#webpage\",\"url\":\"https:\/\/dionisio.pt\/es\/sobre-nosotros\/\",\"name\":\"Concesionario Mitsubishi en las Azores - Dion\u00edsio Carreiro de Almeida, Lda\",\"isPartOf\":{\"@id\":\"https:\/\/dionisio.pt\/#website\"},\"datePublished\":\"2021-10-12T12:35:36+00:00\",\"dateModified\":\"2023-08-30T16:07:11+00:00\",\"description\":\"Concesionario Mitsubishi en las Azores. Vendemos coches nuevos, seminuevos y usados \u200b\u200bal mejor precio y calidad. \u00a1Cont\u00e1ctenos!\",\"breadcrumb\":{\"@id\":\"https:\/\/dionisio.pt\/es\/sobre-nosotros\/#breadcrumb\"},\"inLanguage\":\"es\",\"potentialAction\":[{\"@type\":\"ReadAction\",\"target\":[\"https:\/\/dionisio.pt\/es\/sobre-nosotros\/\"]}]},{\"@type\":\"BreadcrumbList\",\"@id\":\"https:\/\/dionisio.pt\/es\/sobre-nosotros\/#breadcrumb\",\"itemListElement\":[{\"@type\":\"ListItem\",\"position\":1,\"name\":\"Sobre nosotros\"}]}]}<\/script>\n<!-- \/ Yoast SEO plugin. -->","yoast_head_json":{"title":"Concesionario Mitsubishi en las Azores - Dion\u00edsio Carreiro de Almeida, Lda","description":"Concesionario Mitsubishi en las Azores. Vendemos coches nuevos, seminuevos y usados \u200b\u200bal mejor precio y calidad. \u00a1Cont\u00e1ctenos!","robots":{"index":"index","follow":"follow","max-snippet":"max-snippet:-1","max-image-preview":"max-image-preview:large","max-video-preview":"max-video-preview:-1"},"canonical":"https:\/\/dionisio.pt\/es\/sobre-nosotros\/","og_locale":"es_ES","og_type":"article","og_title":"Concesionario Mitsubishi en las Azores - Dion\u00edsio Carreiro de Almeida, Lda","og_description":"Concesionario Mitsubishi en las Azores. Vendemos coches nuevos, seminuevos y usados \u200b\u200bal mejor precio y calidad. \u00a1Cont\u00e1ctenos!","og_url":"https:\/\/dionisio.pt\/es\/sobre-nosotros\/","og_site_name":"Dion\u00edsio Carreiro de Almeida, Lda","article_modified_time":"2023-08-30T16:07:11+00:00","author":"administrador","twitter_card":"summary_large_image","schema":{"@context":"https:\/\/schema.org","@graph":[{"@type":"WebSite","@id":"https:\/\/dionisio.pt\/#website","url":"https:\/\/dionisio.pt\/","name":"Dion\u00edsio Carreiro de Almeida, Lda","description":"Com\u00e9rcio de viaturas novas e usadas em S\u00e3o Miguel, A\u00e7ores","potentialAction":[{"@type":"SearchAction","target":{"@type":"EntryPoint","urlTemplate":"https:\/\/dionisio.pt\/?s={search_term_string}"},"query-input":"required name=search_term_string"}],"inLanguage":"es"},{"@type":"WebPage","@id":"https:\/\/dionisio.pt\/es\/sobre-nosotros\/#webpage","url":"https:\/\/dionisio.pt\/es\/sobre-nosotros\/","name":"Concesionario Mitsubishi en las Azores - Dion\u00edsio Carreiro de Almeida, Lda","isPartOf":{"@id":"https:\/\/dionisio.pt\/#website"},"datePublished":"2021-10-12T12:35:36+00:00","dateModified":"2023-08-30T16:07:11+00:00","description":"Concesionario Mitsubishi en las Azores. Vendemos coches nuevos, seminuevos y usados \u200b\u200bal mejor precio y calidad. \u00a1Cont\u00e1ctenos!","breadcrumb":{"@id":"https:\/\/dionisio.pt\/es\/sobre-nosotros\/#breadcrumb"},"inLanguage":"es","potentialAction":[{"@type":"ReadAction","target":["https:\/\/dionisio.pt\/es\/sobre-nosotros\/"]}]},{"@type":"BreadcrumbList","@id":"https:\/\/dionisio.pt\/es\/sobre-nosotros\/#breadcrumb","itemListElement":[{"@type":"ListItem","position":1,"name":"Sobre nosotros"}]}]}},"_links":{"self":[{"href":"https:\/\/dionisio.pt\/es\/wp-json\/wp\/v2\/pages\/434","targetHints":{"allow":["GET"]}}],"collection":[{"href":"https:\/\/dionisio.pt\/es\/wp-json\/wp\/v2\/pages"}],"about":[{"href":"https:\/\/dionisio.pt\/es\/wp-json\/wp\/v2\/types\/page"}],"author":[{"embeddable":true,"href":"https:\/\/dionisio.pt\/es\/wp-json\/wp\/v2\/users\/1"}],"replies":[{"embeddable":true,"href":"https:\/\/dionisio.pt\/es\/wp-json\/wp\/v2\/comments?post=434"}],"version-history":[{"count":15,"href":"https:\/\/dionisio.pt\/es\/wp-json\/wp\/v2\/pages\/434\/revisions"}],"predecessor-version":[{"id":7283,"href":"https:\/\/dionisio.pt\/es\/wp-json\/wp\/v2\/pages\/434\/revisions\/7283"}],"wp:attachment":[{"href":"https:\/\/dionisio.pt\/es\/wp-json\/wp\/v2\/media?parent=434"}],"curies":[{"name":"wp","href":"https:\/\/api.w.org\/{rel}","templated":true}]}}