 {"id":457,"date":"2021-10-19T12:59:15","date_gmt":"2021-10-19T12:59:15","guid":{"rendered":"http:\/\/dionisio.pt\/?page_id=457"},"modified":"2021-11-02T10:29:14","modified_gmt":"2021-11-02T10:29:14","slug":"terminos-y-condiciones","status":"publish","type":"page","link":"https:\/\/dionisio.pt\/es\/terminos-y-condiciones\/","title":{"rendered":"T\u00e9rminos y Condiciones"},"content":{"rendered":"<ol>\n<li><b><\/b> <b>Condiciones Generales<\/b><\/li>\n<\/ol>\n<p><span style=\"font-weight: 400;\">1.1. La empresa Dionisio Carreiro de Almeida, LDA., con sede en Rotunda de Belem s\/n, S\u00e3o Roque, Ponta Delgada, entidad legal n.\u00ba 512000158, que tambi\u00e9n es su <\/span><span style=\"font-weight: 400;\">n\u00famero de registro en el Registro Mercantil de Ponta Delgada, con capital social de 50.000,00 <\/span><span style=\"font-weight: 400;\">\u20ac, es responsable del sitio web www.dionisio.pt.<\/span><\/p>\n<p><span style=\"font-weight: 400;\">1.2. El usuario se manifiesta a aceptar y actuar en conformidad con los T\u00e9rminos y Condiciones de Uso descritos aqu\u00ed, as\u00ed como con todas sus modificaciones futuras, utilizando el servicio proporcionado por Dionisio Carreiro de Almeida, Lda. en este sitio.<\/span><\/p>\n<p><span style=\"font-weight: 400;\">1.3. En los t\u00e9rminos y condiciones mencionados aqu\u00ed, siempre que se utilicen los t\u00e9rminos \u201cnosotros\u201d o \u201cnuestro\u201d, nos referimos a Dionisio Carreiro de Almeida, Lda. o www.dionisio.pt. Siempre que <\/span><span style=\"font-weight: 400;\">usamos \u201custed\u201d o \u201csu\u201d, no referimos a cualquier persona que use www.dionisio.pt.<\/span><\/p>\n<p><span style=\"font-weight: 400;\">1.4. Al acceder y utilizar este sitio web est\u00e1 sujeto a los seguintes T\u00e9rminos y Condiciones de Uso, bien c\u00f3mo \u00e0 nuestra Pol\u00edtica de Privacidad. Al navegar por el s\u00edtio web, usted acepta cumplir con estos T\u00e9rminos y Condiciones y Pol\u00edtica de Privacidad. Si no est\u00e1 de acuerdo con el contenido, no se le permite acceder y utilizar el sitio web, teniendo que terminar el acceso y\/o su uso.<\/span><\/p>\n<p><span style=\"font-weight: 400;\">1.5. El cliente debe leer con cuidado los T\u00e9rminos y Condiciones cada vez que acceda al sitio web.<\/span><\/p>\n<p><span style=\"font-weight: 400;\">1.6. Si viola alguno de los t\u00e9rminos incluidos en este documento, su derecho a acceder y utilizar este sitio web se rescindir\u00e1 inmediatamente.<\/span><\/p>\n<p><span style=\"font-weight: 400;\">1.7. El contenido de este sitio est\u00e1 protegido por derechos de autor y es propiedad de Dionisio Carreiro de Almeida, Lda<\/span><span style=\"font-weight: 400;\">. No est\u00e1 permitido usarlo de ninguna manera sin nuestro consentimiento.<\/span><\/p>\n<p>&nbsp;<\/p>\n<ol start=\"2\">\n<li><b> Presupuesto<\/b><\/li>\n<\/ol>\n<p>&nbsp;<\/p>\n<p><span style=\"font-weight: 400;\">2.1. Cualquier presupuesto enviado es v\u00e1lido durante 30 dias a partir de la fecha de <\/span><span style=\"font-weight: 400;\">env\u00edo, y puede estar sujeto a revisi\u00f3n despu\u00e9s de esta fecha l\u00edmite.<\/span><\/p>\n<p><span style=\"font-weight: 400;\">2.2. En caso de error en el presupuesto enviado, Dionisio Carreiro de Almeida, Lda. se reserva el derecho, <\/span><span style=\"font-weight: 400;\">durante su validez, de rectificarlo.<\/span><\/p>\n<p><span style=\"font-weight: 400;\">2.3. Cualquier cambio a petici\u00f3n, servicio o gasto del cliente que no se haya expresado en el presupuesto inicial tiene un costo adicional.<\/span><\/p>\n<p>&nbsp;<\/p>\n<ol start=\"3\">\n<li><b> Derechos de autor, Propiedad y Copyright<\/b><b><br \/>\n<\/b><\/li>\n<\/ol>\n<p><span style=\"font-weight: 400;\">3.1. Todo el contenido de este si\/o web, que incluye texto, dise\u00f1o, ilustraciones, logo\/pos, video, audio, fotogra&gt;as y otros elementos, est\u00e1n protegidos por la ley bajo el C\u00f3digo de Derechos de Autor y Derechos Conexos. Usted no puede mostrar, reproducir, distribuir, <\/span><span style=\"font-weight: 400;\">modificar, transmi\/r o u\/lizar el contenido de ninguna manera para ning\u00fan prop\u00f3sito p\u00fablico o comercial sin nuestro consen\/miento previo y expreso por escrito.<\/span><\/p>\n<p><span style=\"font-weight: 400;\">3.2. Los contenidos de este si\/o est\u00e1n protegidos por derechos de autor y derechos conexos, derechos de propiedad industrial, la Ley de delitos inform\u00e1\/cos y son propiedad de Dionisio Carreiro de Almeida, Lda<\/span><span style=\"font-weight: 400;\">.<\/span><\/p>\n<p><span style=\"font-weight: 400;\">3.3. Los derechos de autor de la obra solo ser\u00e1n propiedad del cliente, cuando se completen, aprueben y paguen en su totalidad.<\/span><\/p>\n<p><span style=\"font-weight: 400;\">3.4. Nos reservamos el derecho de no proporcionar al cliente los archivos editables, fuentes u otras herramientas y soPware necesarios para la producci\u00f3n de las obras.<\/span><\/p>\n<p><span style=\"font-weight: 400;\">3.5. Dionisio Carreiro de Almeida, Lda. se reserva el derecho de emprender acciones legales contra los autores de <\/span><span style=\"font-weight: 400;\">cualquier copia, reproducci\u00f3n, difusi\u00f3n o explotaci\u00f3n comercial no autorizada de textos, dise\u00f1os, ilustraciones, logo\/pos, videos, audio, fotogra&gt;as y otros elementos, que no hayan sido objeto de transmisi\u00f3n de propiedad al cliente.<\/span><\/p>\n<p><span style=\"font-weight: 400;\">3.6. El cliente es responsable por garan\/zar que los materiales que proporciona para la ejecuci\u00f3n de las obras no infrinjan ning\u00fan derecho de autor o derechos de propiedad industrial de terceros y de cualquier da\u00f1o causado a Dionisio Carreiro de Almeida, Lda., por el uso indebido de los mismos.<\/span><\/p>\n<p>&nbsp;<\/p>\n<ol start=\"4\">\n<li><b> Resoluci\u00f3n de disputas en l\u00ednea<\/b><\/li>\n<\/ol>\n<p><span style=\"font-weight: 400;\">La Uni\u00f3n Europea ha creado un sitio web para ayudar a los consumidores a presentar sus quejas sobre cualquier disputa en la que est\u00e9n involucrados. En este contexto, Dionisio Carreiro de Almeida, Lda. <\/span><span style=\"font-weight: 400;\">proporciona toda la informaci\u00f3n para que pueda ejercer su derecho de queja ante una entidad oficial, tercera e imparcial ante el proceso (\u00abentidad de resoluci\u00f3n de disputas\u00bb) que le ayudar\u00e1 a resolver la disputa en cuesti\u00f3n.<\/span><\/p>\n<p><span style=\"font-weight: 400;\">Por lo tanto, si no estaba satisfecho con la adquisici\u00f3n de un bien o servicio en nuestro sitio web, o con la soluci\u00f3n presentada por nosotros para resolver la situaci\u00f3n, puede acceder a este sitio web oficial https:\/\/ec.europa.eu\/consumers\/odr\/main\/index.cfm? event=main.home2.show&amp;lng=ES y expone tu desaf\u00edo.<\/span><\/p>\n<p><span style=\"font-weight: 400;\">4.1. \u00bfQu\u00e9 es la resoluci\u00f3n alternativa de disputas?<\/span><\/p>\n<p><span style=\"font-weight: 400;\">La resoluci\u00f3n alternativa de disputas es la posibilidad que todos los consumidores tengan a su disposici\u00f3n para apelar y las entidades oficiales que los ayudan en la resoluci\u00f3n u orientaci\u00f3n de cualquier conflicto antes de iniciar procedimientos de litigio en los tribunales.<\/span><\/p>\n<p><span style=\"font-weight: 400;\">Como regla general, el procedimiento es el siguiente: el cliente pide a un tercero imparcial que intervenga como intermediario entre \u00e9l y el comerciante que es el objetivo de su queja. El intermediario puede sugerir una soluci\u00f3n a su queja, imponer una soluci\u00f3n a ambas partes o reunir a las partes para encontrar una soluci\u00f3n.<\/span><\/p>\n<p><span style=\"font-weight: 400;\">Puede\u00a0 conocer\u00a0 el\u00a0 concepto\u00a0 de\u00a0 resoluci\u00f3n\u00a0 alternativa\u00a0 de\u00a0 disputas\u00a0 con\u00a0 otro\u00a0 nombre:<\/span><\/p>\n<p><span style=\"font-weight: 400;\">\u00abmediaci\u00f3n\u00bb, \u00abconciliaci\u00f3n\u00bb, \u00abarbitraje\u00bb o \u00abcomit\u00e9 competente en disputas de consumo\u00bb.<\/span><\/p>\n<p><span style=\"font-weight: 400;\">La resoluci\u00f3n alternativa de disputas es, por regla general, menos costosa, menos formal y m\u00e1s r\u00e1pida que los medios judiciales.<\/span><span style=\"font-weight: 400;\"><br \/>\n<\/span><\/p>\n<p><span style=\"font-weight: 400;\">Sugerencias de entidades alternativas de resoluci\u00f3n de disputas: CNIACC &#8211; Centro Nacional de Informaci\u00f3n y Arbitraje de Conflictos de Consumo http:\/\/www.arbitragemdeconsumo.org\/<\/span><\/p>\n<p><span style=\"font-weight: 400;\">Centro de Arbitraje de Conflictos de Consumo de Lisboa http:\/\/www.centroarbitragemlisboa.pt\/<\/span><\/p>\n<p><span style=\"font-weight: 400;\">Centro de Arbitraje de Conflictos de Consumo Vale do Ave\/Tribunal Arbitral http:\/\/www.triave.pt\/<\/span><\/p>\n<p><span style=\"font-weight: 400;\">CIAB \u2013 Centro de Informaci\u00f3n al Consumidor, Mediaci\u00f3n y Arbitraje (Tribunal de Arbitraje <\/span><span style=\"font-weight: 400;\">del Consumidor)<\/span><\/p>\n<p><span style=\"font-weight: 400;\">http:\/\/www.ciab.pt\/en\/<\/span><\/p>\n<p><span style=\"font-weight: 400;\">CIMPAS &#8211; Centro del Defensor del Pueblo de Informaci\u00f3n, Mediaci\u00f3n y Seguros https:\/\/www.cimpas.pt\/<\/span><\/p>\n<p>&nbsp;<\/p>\n<ol start=\"5\">\n<li><b> Uso permitido\/Actividades prohibidas<\/b><\/li>\n<\/ol>\n<p><span style=\"font-weight: 400;\">El acceso y uso de este sitio web para funciones personales y no comerciales solo est\u00e1 permitido, es decir, que el sitio solo deba ser accedido y utilizado por particulares o por una empresa que desee adquirir nuestros servicios\/productos o empresa en su nombre.<\/span><\/p>\n<p><span style=\"font-weight: 400;\">Cualquier actividad que consideremos inapropiada y\/o que pueda ser ilegal bajo la ley aplicable a este sitio web, incluyendo, pero no limitado a:<\/span><\/p>\n<p><span style=\"font-weight: 400;\">5.1. Herir, abusar, difamar, amenazar u hostigar a otra persona o empresa, o de una manera que invada la privacidad de otra persona, o que sea obscena, ofensiva, odiosa, indecente, inapropiada, objetable, inaceptable, discriminatoria o da\u00f1ina.<\/span><\/p>\n<p><span style=\"font-weight: 400;\">5.2. Acciones que pueden constituir una violaci\u00f3n de la privacidad, como el env\u00edo de informaci\u00f3n privada a este sitio sin el consentimiento de la persona afectada o cualquier otro derecho legal de las personas.<\/span><\/p>\n<p><span style=\"font-weight: 400;\">5.3. Enviar a este sitio archivos que contengan virus que puedan causar da\u00f1os a la propiedad de Dionisio Carreiro de Almeida, Lda. o a la propiedad de individuos o modificar o revertir la ingenier\u00eda de cualquier parte del sitio web.<\/span><\/p>\n<p><span style=\"font-weight: 400;\">5.4. Utilice cualquier tipo de c\u00f3digo autom\u00e1tico de computadora, proceso, programa, robot, rastreador de Internet, ara\u00f1a, procesador de datos, arrastre o raspado de pantalla alternativas a los c\u00f3digos de computadora, proceso, programa o sistema.<\/span><\/p>\n<p><span style=\"font-weight: 400;\">5.5. El uso del sitio con fines ilegales o cualquier otro prop\u00f3sito que pueda considerarse indigno de nuestra imagen est\u00e1 expresamente prohibido. La usurpaci\u00f3n, falsificaci\u00f3n, uso de contenido usurpado o falsificado, identificaci\u00f3n ileg\u00edtima y competencia desleal son penalmente punibles.<\/span><\/p>\n<p>&nbsp;<\/p>\n<ol start=\"6\">\n<li><b> Contenido y Garantias<\/b><\/li>\n<\/ol>\n<p><span style=\"font-weight: 400;\">6.1. La informaci\u00f3n de este sitio ha sido incluida de buena fe y sirve exclusivamente para informaci\u00f3n general, y su uso es responsabilidad exclusiva del usuario.<\/span><\/p>\n<p><span style=\"font-weight: 400;\">6.2. Este sitio web y su contenido se proporcionan sin garant\u00edas de ning\u00fan tipo, es decir, no se da ninguna garant\u00eda de que el acceso a este sitio web sea ininterrumpido o libre de errores, libre de virus u otro material da\u00f1ino, o que la informaci\u00f3n en este sitio web sea completa, precisa u oportuna.<\/span><span style=\"font-weight: 400;\"><br \/>\n<\/span><\/p>\n<p><span style=\"font-weight: 400;\">6.3. Dionisio Carreiro de Almeida, Lda. se reserva el derecho de realizar cambios y correcciones, suspender o <\/span><span style=\"font-weight: 400;\">terminar el sitio cuando se considere apropiado y sin previo aviso.<\/span><\/p>\n<p><span style=\"font-weight: 400;\">6.4. Dionisio Carreiro de Almeida, Lda. no filtra ni supervisa previamente el contenido transmitido a este sitio web<\/span><\/p>\n<p><span style=\"font-weight: 400;\">por terceros y no es responsable de filtrar o monitorear dicho contenido.<\/span><\/p>\n<p><span style=\"font-weight: 400;\">6.5. Si se le notifica, Dionisio Carreiro de Almeida, Lda. puede investigar una reclamaci\u00f3n de que el contenido <\/span><span style=\"font-weight: 400;\">transmitido a este sitio web viola los T\u00e9rminos y Condiciones y puede determinar si har\u00e1 que la informaci\u00f3n se elimine de este sitio web.<\/span><\/p>\n<p><span style=\"font-weight: 400;\">6.6.\u00a0 Dionisio Carreiro de Almeida, Lda. no\u00a0 asume\u00a0 ninguna\u00a0 responsabilidad\u00a0 por\u00a0 cualquier\u00a0 acci\u00f3n\u00a0 o\u00a0 contenido<\/span><\/p>\n<p><span style=\"font-weight: 400;\">transmitido por o entre usted o cualquier tercero dentro o fuera de este sitio web.<\/span><\/p>\n<p>&nbsp;<\/p>\n<ol start=\"7\">\n<li><b> Responsabilidad, Uso y Riesgo<\/b><\/li>\n<\/ol>\n<p><span style=\"font-weight: 400;\">7.1. La forma en que utiliza este sitio y el contenido presente en \u00e9l es \u00fanicamente su responsabilidad y riesgo.<\/span><\/p>\n<p><span style=\"font-weight: 400;\">7.2. Dionisio Carreiro de Almeida, Lda. y todos sus tutores legales, directores, empleados y agentes, as\u00ed como <\/span><span style=\"font-weight: 400;\">cualquier otra parte involucrada en la creaci\u00f3n, producci\u00f3n, mantenimiento o implementaci\u00f3n de este sitio web, no ser\u00e1n responsables ante ning\u00fan usuario del sitio web por cualquier posible da\u00f1o, p\u00e9rdida o lesi\u00f3n (incluyendo cualquier p\u00e9rdida de lucro cesante y p\u00e9rdida moral, indirecta, accidental o consecuente) que surja del uso correcto o incorrecto de este sitio web y su contenido, del acceso al ordenador o sistema inform\u00e1tico del usuario por parte de terceros, virus, etc.<\/span><\/p>\n<p><span style=\"font-weight: 400;\">Este Sitio contiene enlaces a sitios web de terceros. Estos enlaces se proporcionan \u00fanicamente para la comodidad y accesibilidad del usuario. No respaldamos el contenido de ninguno de estos sitios web de terceros y no somos responsables del contenido de ninguno de estos sitios. El acceso y la visita a cualquiera de estos sitios de terceros son bajo el \u00fanico riesgo del usuario.<\/span><\/p>\n<p>&nbsp;<\/p>\n<ol start=\"8\">\n<li><b> Jurisdicci\u00f3n y Legislaci\u00f3n Aplicables<\/b><\/li>\n<\/ol>\n<p><span style=\"font-weight: 400;\">Dionisio Carreiro de Almeida, Lda. y el usuario de este sitio aceptan, sin reservas, que cualquier disputa o disputa <\/span><span style=\"font-weight: 400;\">resultante del uso de este sitio se regir\u00e1 por la ley portuguesa.<\/span><\/p>\n<p><span style=\"font-weight: 400;\">\u00daltima actualizaci\u00f3n: 11\/03\/2021<\/span><\/p>\n","protected":false},"excerpt":{"rendered":"<p>Condiciones Generales 1.1. La empresa Dionisio Carreiro de Almeida, LDA., con sede en Rotunda de Belem s\/n, S\u00e3o Roque, Ponta Delgada, entidad legal n.\u00ba 512000158, que tambi\u00e9n es su n\u00famero de registro en el Registro Mercantil de Ponta Delgada, con capital social de 50.000,00 \u20ac, es responsable del sitio web www.dionisio.pt. 1.2. El usuario se [&hellip;]<\/p>\n","protected":false},"author":1,"featured_media":0,"parent":0,"menu_order":0,"comment_status":"closed","ping_status":"closed","template":"","meta":{"_vp_format_video_url":"","_vp_image_focal_point":[],"footnotes":""},"class_list":["post-457","page","type-page","status-publish","hentry"],"yoast_head":"<!-- This site is optimized with the Yoast SEO plugin v19.2 - https:\/\/yoast.com\/wordpress\/plugins\/seo\/ -->\n<title>T\u00e9rminos y Condiciones - Dion\u00edsio Carreiro de Almeida, Lda<\/title>\n<meta name=\"description\" content=\"Conozca los T\u00e9rminos y Condiciones de uso del sitio web de Dionisio Carreiro de Almeida. \u00a1Al aceptar, est\u00e1s aceptando todas las condiciones!\" \/>\n<meta name=\"robots\" content=\"index, follow, max-snippet:-1, max-image-preview:large, max-video-preview:-1\" \/>\n<link rel=\"canonical\" href=\"https:\/\/dionisio.pt\/es\/terminos-y-condiciones\/\" \/>\n<meta property=\"og:locale\" content=\"es_ES\" \/>\n<meta property=\"og:type\" content=\"article\" \/>\n<meta property=\"og:title\" content=\"T\u00e9rminos y Condiciones - Dion\u00edsio Carreiro de Almeida, Lda\" \/>\n<meta property=\"og:description\" content=\"Conozca los T\u00e9rminos y Condiciones de uso del sitio web de Dionisio Carreiro de Almeida. \u00a1Al aceptar, est\u00e1s aceptando todas las condiciones!\" \/>\n<meta property=\"og:url\" content=\"https:\/\/dionisio.pt\/es\/terminos-y-condiciones\/\" \/>\n<meta property=\"og:site_name\" content=\"Dion\u00edsio Carreiro de Almeida, Lda\" \/>\n<meta property=\"article:modified_time\" content=\"2021-11-02T10:29:14+00:00\" \/>\n<meta name=\"author\" content=\"administrador\" \/>\n<meta name=\"twitter:card\" content=\"summary_large_image\" \/>\n<meta name=\"twitter:label1\" content=\"Tiempo de lectura\" \/>\n\t<meta name=\"twitter:data1\" content=\"8 minutos\" \/>\n<script type=\"application\/ld+json\" class=\"yoast-schema-graph\">{\"@context\":\"https:\/\/schema.org\",\"@graph\":[{\"@type\":\"WebSite\",\"@id\":\"https:\/\/dionisio.pt\/#website\",\"url\":\"https:\/\/dionisio.pt\/\",\"name\":\"Dion\u00edsio Carreiro de Almeida, Lda\",\"description\":\"Com\u00e9rcio de viaturas novas e usadas em S\u00e3o Miguel, A\u00e7ores\",\"potentialAction\":[{\"@type\":\"SearchAction\",\"target\":{\"@type\":\"EntryPoint\",\"urlTemplate\":\"https:\/\/dionisio.pt\/?s={search_term_string}\"},\"query-input\":\"required name=search_term_string\"}],\"inLanguage\":\"es\"},{\"@type\":\"WebPage\",\"@id\":\"https:\/\/dionisio.pt\/es\/terminos-y-condiciones\/#webpage\",\"url\":\"https:\/\/dionisio.pt\/es\/terminos-y-condiciones\/\",\"name\":\"T\u00e9rminos y Condiciones - Dion\u00edsio Carreiro de Almeida, Lda\",\"isPartOf\":{\"@id\":\"https:\/\/dionisio.pt\/#website\"},\"datePublished\":\"2021-10-19T12:59:15+00:00\",\"dateModified\":\"2021-11-02T10:29:14+00:00\",\"description\":\"Conozca los T\u00e9rminos y Condiciones de uso del sitio web de Dionisio Carreiro de Almeida. \u00a1Al aceptar, est\u00e1s aceptando todas las condiciones!\",\"breadcrumb\":{\"@id\":\"https:\/\/dionisio.pt\/es\/terminos-y-condiciones\/#breadcrumb\"},\"inLanguage\":\"es\",\"potentialAction\":[{\"@type\":\"ReadAction\",\"target\":[\"https:\/\/dionisio.pt\/es\/terminos-y-condiciones\/\"]}]},{\"@type\":\"BreadcrumbList\",\"@id\":\"https:\/\/dionisio.pt\/es\/terminos-y-condiciones\/#breadcrumb\",\"itemListElement\":[{\"@type\":\"ListItem\",\"position\":1,\"name\":\"T\u00e9rminos y Condiciones\"}]}]}<\/script>\n<!-- \/ Yoast SEO plugin. -->","yoast_head_json":{"title":"T\u00e9rminos y Condiciones - Dion\u00edsio Carreiro de Almeida, Lda","description":"Conozca los T\u00e9rminos y Condiciones de uso del sitio web de Dionisio Carreiro de Almeida. \u00a1Al aceptar, est\u00e1s aceptando todas las condiciones!","robots":{"index":"index","follow":"follow","max-snippet":"max-snippet:-1","max-image-preview":"max-image-preview:large","max-video-preview":"max-video-preview:-1"},"canonical":"https:\/\/dionisio.pt\/es\/terminos-y-condiciones\/","og_locale":"es_ES","og_type":"article","og_title":"T\u00e9rminos y Condiciones - Dion\u00edsio Carreiro de Almeida, Lda","og_description":"Conozca los T\u00e9rminos y Condiciones de uso del sitio web de Dionisio Carreiro de Almeida. \u00a1Al aceptar, est\u00e1s aceptando todas las condiciones!","og_url":"https:\/\/dionisio.pt\/es\/terminos-y-condiciones\/","og_site_name":"Dion\u00edsio Carreiro de Almeida, Lda","article_modified_time":"2021-11-02T10:29:14+00:00","author":"administrador","twitter_card":"summary_large_image","twitter_misc":{"Tiempo de lectura":"8 minutos"},"schema":{"@context":"https:\/\/schema.org","@graph":[{"@type":"WebSite","@id":"https:\/\/dionisio.pt\/#website","url":"https:\/\/dionisio.pt\/","name":"Dion\u00edsio Carreiro de Almeida, Lda","description":"Com\u00e9rcio de viaturas novas e usadas em S\u00e3o Miguel, A\u00e7ores","potentialAction":[{"@type":"SearchAction","target":{"@type":"EntryPoint","urlTemplate":"https:\/\/dionisio.pt\/?s={search_term_string}"},"query-input":"required name=search_term_string"}],"inLanguage":"es"},{"@type":"WebPage","@id":"https:\/\/dionisio.pt\/es\/terminos-y-condiciones\/#webpage","url":"https:\/\/dionisio.pt\/es\/terminos-y-condiciones\/","name":"T\u00e9rminos y Condiciones - Dion\u00edsio Carreiro de Almeida, Lda","isPartOf":{"@id":"https:\/\/dionisio.pt\/#website"},"datePublished":"2021-10-19T12:59:15+00:00","dateModified":"2021-11-02T10:29:14+00:00","description":"Conozca los T\u00e9rminos y Condiciones de uso del sitio web de Dionisio Carreiro de Almeida. \u00a1Al aceptar, est\u00e1s aceptando todas las condiciones!","breadcrumb":{"@id":"https:\/\/dionisio.pt\/es\/terminos-y-condiciones\/#breadcrumb"},"inLanguage":"es","potentialAction":[{"@type":"ReadAction","target":["https:\/\/dionisio.pt\/es\/terminos-y-condiciones\/"]}]},{"@type":"BreadcrumbList","@id":"https:\/\/dionisio.pt\/es\/terminos-y-condiciones\/#breadcrumb","itemListElement":[{"@type":"ListItem","position":1,"name":"T\u00e9rminos y Condiciones"}]}]}},"_links":{"self":[{"href":"https:\/\/dionisio.pt\/es\/wp-json\/wp\/v2\/pages\/457","targetHints":{"allow":["GET"]}}],"collection":[{"href":"https:\/\/dionisio.pt\/es\/wp-json\/wp\/v2\/pages"}],"about":[{"href":"https:\/\/dionisio.pt\/es\/wp-json\/wp\/v2\/types\/page"}],"author":[{"embeddable":true,"href":"https:\/\/dionisio.pt\/es\/wp-json\/wp\/v2\/users\/1"}],"replies":[{"embeddable":true,"href":"https:\/\/dionisio.pt\/es\/wp-json\/wp\/v2\/comments?post=457"}],"version-history":[{"count":3,"href":"https:\/\/dionisio.pt\/es\/wp-json\/wp\/v2\/pages\/457\/revisions"}],"predecessor-version":[{"id":1184,"href":"https:\/\/dionisio.pt\/es\/wp-json\/wp\/v2\/pages\/457\/revisions\/1184"}],"wp:attachment":[{"href":"https:\/\/dionisio.pt\/es\/wp-json\/wp\/v2\/media?parent=457"}],"curies":[{"name":"wp","href":"https:\/\/api.w.org\/{rel}","templated":true}]}}