 {"id":477,"date":"2021-10-15T12:31:35","date_gmt":"2021-10-15T12:31:35","guid":{"rendered":"http:\/\/dionisio.pt\/parts\/"},"modified":"2021-12-13T14:32:49","modified_gmt":"2021-12-13T14:32:49","slug":"partes","status":"publish","type":"page","link":"https:\/\/dionisio.pt\/es\/partes\/","title":{"rendered":"Partes"},"content":{"rendered":"<p>[vc_row][vc_column][vc_column_text]<\/p>\n<h4 id=\"tw-target-text\" class=\"tw-data-text tw-text-large tw-ta\" dir=\"ltr\" style=\"text-align: center;\" data-placeholder=\"Tradu\u00e7\u00e3o\"><span class=\"Y2IQFc\" lang=\"es\">Contamos con un amplio stock de repuestos ajustados a sus necesidades y un equipo especializado que puede satisfacer sus solicitudes con excelencia.<\/span><\/h4>\n<h4 class=\"tw-data-text tw-text-large tw-ta\" dir=\"ltr\" style=\"text-align: center;\" data-placeholder=\"Tradu\u00e7\u00e3o\"><span class=\"Y2IQFc\" lang=\"es\">Complete el siguiente formulario y espere nuestro contacto.<\/span><\/h4>\n<p>[\/vc_column_text][\/vc_column][\/vc_row]<\/p>\n","protected":false},"excerpt":{"rendered":"<p>[vc_row][vc_column][vc_column_text] Contamos con un amplio stock de repuestos ajustados a sus necesidades y un equipo especializado que puede satisfacer sus solicitudes con excelencia. Complete el siguiente formulario y espere nuestro contacto. [\/vc_column_text][\/vc_column][\/vc_row]<\/p>\n","protected":false},"author":1,"featured_media":2273,"parent":0,"menu_order":0,"comment_status":"closed","ping_status":"closed","template":"template-pecas.php","meta":{"_vp_format_video_url":"","_vp_image_focal_point":[],"footnotes":""},"class_list":["post-477","page","type-page","status-publish","has-post-thumbnail","hentry"],"yoast_head":"<!-- This site is optimized with the Yoast SEO plugin v19.2 - https:\/\/yoast.com\/wordpress\/plugins\/seo\/ -->\n<title>Piezas de Autom\u00f3vil - Dion\u00edsio Carreiro de Almeida, Lda<\/title>\n<meta name=\"description\" content=\"Vendemos varios tipos de piezas de autom\u00f3vil de las marcas Ford, Toyota y Mitsubishi en Ponta Delgada. \u00a1Ordene su pieza aqu\u00ed ahora!\" \/>\n<meta name=\"robots\" content=\"index, follow, max-snippet:-1, max-image-preview:large, max-video-preview:-1\" \/>\n<link rel=\"canonical\" href=\"https:\/\/dionisio.pt\/es\/partes\/\" \/>\n<meta property=\"og:locale\" content=\"es_ES\" \/>\n<meta property=\"og:type\" content=\"article\" \/>\n<meta property=\"og:title\" content=\"Piezas de Autom\u00f3vil - Dion\u00edsio Carreiro de Almeida, Lda\" \/>\n<meta property=\"og:description\" content=\"Vendemos varios tipos de piezas de autom\u00f3vil de las marcas Ford, Toyota y Mitsubishi en Ponta Delgada. \u00a1Ordene su pieza aqu\u00ed ahora!\" \/>\n<meta property=\"og:url\" content=\"https:\/\/dionisio.pt\/es\/partes\/\" \/>\n<meta property=\"og:site_name\" content=\"Dion\u00edsio Carreiro de Almeida, Lda\" \/>\n<meta property=\"article:modified_time\" content=\"2021-12-13T14:32:49+00:00\" \/>\n<meta property=\"og:image\" content=\"https:\/\/dionisio.pt\/wp-content\/uploads\/2021\/11\/planauto-pecas-auto.jpg\" \/>\n\t<meta property=\"og:image:width\" content=\"1140\" \/>\n\t<meta property=\"og:image:height\" content=\"440\" \/>\n\t<meta property=\"og:image:type\" content=\"image\/jpeg\" \/>\n<meta name=\"author\" content=\"administrador\" \/>\n<meta name=\"twitter:card\" content=\"summary_large_image\" \/>\n<meta name=\"twitter:label1\" content=\"Tiempo de lectura\" \/>\n\t<meta name=\"twitter:data1\" content=\"1 minuto\" \/>\n<script type=\"application\/ld+json\" class=\"yoast-schema-graph\">{\"@context\":\"https:\/\/schema.org\",\"@graph\":[{\"@type\":\"WebSite\",\"@id\":\"https:\/\/dionisio.pt\/#website\",\"url\":\"https:\/\/dionisio.pt\/\",\"name\":\"Dion\u00edsio Carreiro de Almeida, Lda\",\"description\":\"Com\u00e9rcio de viaturas novas e usadas em S\u00e3o Miguel, A\u00e7ores\",\"potentialAction\":[{\"@type\":\"SearchAction\",\"target\":{\"@type\":\"EntryPoint\",\"urlTemplate\":\"https:\/\/dionisio.pt\/?s={search_term_string}\"},\"query-input\":\"required name=search_term_string\"}],\"inLanguage\":\"es\"},{\"@type\":\"ImageObject\",\"inLanguage\":\"es\",\"@id\":\"https:\/\/dionisio.pt\/es\/partes\/#primaryimage\",\"url\":\"https:\/\/dionisio.pt\/wp-content\/uploads\/2021\/11\/planauto-pecas-auto.jpg\",\"contentUrl\":\"https:\/\/dionisio.pt\/wp-content\/uploads\/2021\/11\/planauto-pecas-auto.jpg\",\"width\":1140,\"height\":440},{\"@type\":\"WebPage\",\"@id\":\"https:\/\/dionisio.pt\/es\/partes\/#webpage\",\"url\":\"https:\/\/dionisio.pt\/es\/partes\/\",\"name\":\"Piezas de Autom\u00f3vil - Dion\u00edsio Carreiro de Almeida, Lda\",\"isPartOf\":{\"@id\":\"https:\/\/dionisio.pt\/#website\"},\"primaryImageOfPage\":{\"@id\":\"https:\/\/dionisio.pt\/es\/partes\/#primaryimage\"},\"datePublished\":\"2021-10-15T12:31:35+00:00\",\"dateModified\":\"2021-12-13T14:32:49+00:00\",\"description\":\"Vendemos varios tipos de piezas de autom\u00f3vil de las marcas Ford, Toyota y Mitsubishi en Ponta Delgada. \u00a1Ordene su pieza aqu\u00ed ahora!\",\"breadcrumb\":{\"@id\":\"https:\/\/dionisio.pt\/es\/partes\/#breadcrumb\"},\"inLanguage\":\"es\",\"potentialAction\":[{\"@type\":\"ReadAction\",\"target\":[\"https:\/\/dionisio.pt\/es\/partes\/\"]}]},{\"@type\":\"BreadcrumbList\",\"@id\":\"https:\/\/dionisio.pt\/es\/partes\/#breadcrumb\",\"itemListElement\":[{\"@type\":\"ListItem\",\"position\":1,\"name\":\"Partes\"}]}]}<\/script>\n<!-- \/ Yoast SEO plugin. -->","yoast_head_json":{"title":"Piezas de Autom\u00f3vil - Dion\u00edsio Carreiro de Almeida, Lda","description":"Vendemos varios tipos de piezas de autom\u00f3vil de las marcas Ford, Toyota y Mitsubishi en Ponta Delgada. \u00a1Ordene su pieza aqu\u00ed ahora!","robots":{"index":"index","follow":"follow","max-snippet":"max-snippet:-1","max-image-preview":"max-image-preview:large","max-video-preview":"max-video-preview:-1"},"canonical":"https:\/\/dionisio.pt\/es\/partes\/","og_locale":"es_ES","og_type":"article","og_title":"Piezas de Autom\u00f3vil - Dion\u00edsio Carreiro de Almeida, Lda","og_description":"Vendemos varios tipos de piezas de autom\u00f3vil de las marcas Ford, Toyota y Mitsubishi en Ponta Delgada. \u00a1Ordene su pieza aqu\u00ed ahora!","og_url":"https:\/\/dionisio.pt\/es\/partes\/","og_site_name":"Dion\u00edsio Carreiro de Almeida, Lda","article_modified_time":"2021-12-13T14:32:49+00:00","og_image":[{"width":1140,"height":440,"url":"https:\/\/dionisio.pt\/wp-content\/uploads\/2021\/11\/planauto-pecas-auto.jpg","type":"image\/jpeg"}],"author":"administrador","twitter_card":"summary_large_image","twitter_misc":{"Tiempo de lectura":"1 minuto"},"schema":{"@context":"https:\/\/schema.org","@graph":[{"@type":"WebSite","@id":"https:\/\/dionisio.pt\/#website","url":"https:\/\/dionisio.pt\/","name":"Dion\u00edsio Carreiro de Almeida, Lda","description":"Com\u00e9rcio de viaturas novas e usadas em S\u00e3o Miguel, A\u00e7ores","potentialAction":[{"@type":"SearchAction","target":{"@type":"EntryPoint","urlTemplate":"https:\/\/dionisio.pt\/?s={search_term_string}"},"query-input":"required name=search_term_string"}],"inLanguage":"es"},{"@type":"ImageObject","inLanguage":"es","@id":"https:\/\/dionisio.pt\/es\/partes\/#primaryimage","url":"https:\/\/dionisio.pt\/wp-content\/uploads\/2021\/11\/planauto-pecas-auto.jpg","contentUrl":"https:\/\/dionisio.pt\/wp-content\/uploads\/2021\/11\/planauto-pecas-auto.jpg","width":1140,"height":440},{"@type":"WebPage","@id":"https:\/\/dionisio.pt\/es\/partes\/#webpage","url":"https:\/\/dionisio.pt\/es\/partes\/","name":"Piezas de Autom\u00f3vil - Dion\u00edsio Carreiro de Almeida, Lda","isPartOf":{"@id":"https:\/\/dionisio.pt\/#website"},"primaryImageOfPage":{"@id":"https:\/\/dionisio.pt\/es\/partes\/#primaryimage"},"datePublished":"2021-10-15T12:31:35+00:00","dateModified":"2021-12-13T14:32:49+00:00","description":"Vendemos varios tipos de piezas de autom\u00f3vil de las marcas Ford, Toyota y Mitsubishi en Ponta Delgada. \u00a1Ordene su pieza aqu\u00ed ahora!","breadcrumb":{"@id":"https:\/\/dionisio.pt\/es\/partes\/#breadcrumb"},"inLanguage":"es","potentialAction":[{"@type":"ReadAction","target":["https:\/\/dionisio.pt\/es\/partes\/"]}]},{"@type":"BreadcrumbList","@id":"https:\/\/dionisio.pt\/es\/partes\/#breadcrumb","itemListElement":[{"@type":"ListItem","position":1,"name":"Partes"}]}]}},"_links":{"self":[{"href":"https:\/\/dionisio.pt\/es\/wp-json\/wp\/v2\/pages\/477","targetHints":{"allow":["GET"]}}],"collection":[{"href":"https:\/\/dionisio.pt\/es\/wp-json\/wp\/v2\/pages"}],"about":[{"href":"https:\/\/dionisio.pt\/es\/wp-json\/wp\/v2\/types\/page"}],"author":[{"embeddable":true,"href":"https:\/\/dionisio.pt\/es\/wp-json\/wp\/v2\/users\/1"}],"replies":[{"embeddable":true,"href":"https:\/\/dionisio.pt\/es\/wp-json\/wp\/v2\/comments?post=477"}],"version-history":[{"count":3,"href":"https:\/\/dionisio.pt\/es\/wp-json\/wp\/v2\/pages\/477\/revisions"}],"predecessor-version":[{"id":3946,"href":"https:\/\/dionisio.pt\/es\/wp-json\/wp\/v2\/pages\/477\/revisions\/3946"}],"wp:featuredmedia":[{"embeddable":true,"href":"https:\/\/dionisio.pt\/es\/wp-json\/wp\/v2\/media\/2273"}],"wp:attachment":[{"href":"https:\/\/dionisio.pt\/es\/wp-json\/wp\/v2\/media?parent=477"}],"curies":[{"name":"wp","href":"https:\/\/api.w.org\/{rel}","templated":true}]}}