 {"id":483,"date":"2021-10-19T13:08:24","date_gmt":"2021-10-19T13:08:24","guid":{"rendered":"http:\/\/dionisio.pt\/?page_id=483"},"modified":"2021-11-02T10:49:38","modified_gmt":"2021-11-02T10:49:38","slug":"noticias-blog","status":"publish","type":"page","link":"https:\/\/dionisio.pt\/es\/noticias-blog\/","title":{"rendered":"Noticias\/Blog"},"content":{"rendered":"","protected":false},"excerpt":{"rendered":"","protected":false},"author":1,"featured_media":0,"parent":0,"menu_order":0,"comment_status":"closed","ping_status":"closed","template":"template-noticias.php","meta":{"_vp_format_video_url":"","_vp_image_focal_point":[],"footnotes":""},"class_list":["post-483","page","type-page","status-publish","hentry"],"yoast_head":"<!-- This site is optimized with the Yoast SEO plugin v19.2 - https:\/\/yoast.com\/wordpress\/plugins\/seo\/ -->\n<title>Noticias de Coche - Dion\u00edsio Carreiro de Almeida, Lda<\/title>\n<meta name=\"description\" content=\"\u00bfTe apasionan los coches? \u00a1Est\u00e9n atentos a nuestro blog para recibir todas las novedades e noticias de coches sin perderse nada!\" \/>\n<meta name=\"robots\" content=\"index, follow, max-snippet:-1, max-image-preview:large, max-video-preview:-1\" \/>\n<link rel=\"canonical\" href=\"https:\/\/dionisio.pt\/es\/noticias-blog\/\" \/>\n<meta property=\"og:locale\" content=\"es_ES\" \/>\n<meta property=\"og:type\" content=\"article\" \/>\n<meta property=\"og:title\" content=\"Noticias de Coche - Dion\u00edsio Carreiro de Almeida, Lda\" \/>\n<meta property=\"og:description\" content=\"\u00bfTe apasionan los coches? \u00a1Est\u00e9n atentos a nuestro blog para recibir todas las novedades e noticias de coches sin perderse nada!\" \/>\n<meta property=\"og:url\" content=\"https:\/\/dionisio.pt\/es\/noticias-blog\/\" \/>\n<meta property=\"og:site_name\" content=\"Dion\u00edsio Carreiro de Almeida, Lda\" \/>\n<meta property=\"article:modified_time\" content=\"2021-11-02T10:49:38+00:00\" \/>\n<meta name=\"author\" content=\"administrador\" \/>\n<meta name=\"twitter:card\" content=\"summary_large_image\" \/>\n<script type=\"application\/ld+json\" class=\"yoast-schema-graph\">{\"@context\":\"https:\/\/schema.org\",\"@graph\":[{\"@type\":\"WebSite\",\"@id\":\"https:\/\/dionisio.pt\/#website\",\"url\":\"https:\/\/dionisio.pt\/\",\"name\":\"Dion\u00edsio Carreiro de Almeida, Lda\",\"description\":\"Com\u00e9rcio de viaturas novas e usadas em S\u00e3o Miguel, A\u00e7ores\",\"potentialAction\":[{\"@type\":\"SearchAction\",\"target\":{\"@type\":\"EntryPoint\",\"urlTemplate\":\"https:\/\/dionisio.pt\/?s={search_term_string}\"},\"query-input\":\"required name=search_term_string\"}],\"inLanguage\":\"es\"},{\"@type\":\"WebPage\",\"@id\":\"https:\/\/dionisio.pt\/es\/noticias-blog\/#webpage\",\"url\":\"https:\/\/dionisio.pt\/es\/noticias-blog\/\",\"name\":\"Noticias de Coche - Dion\u00edsio Carreiro de Almeida, Lda\",\"isPartOf\":{\"@id\":\"https:\/\/dionisio.pt\/#website\"},\"datePublished\":\"2021-10-19T13:08:24+00:00\",\"dateModified\":\"2021-11-02T10:49:38+00:00\",\"description\":\"\u00bfTe apasionan los coches? \u00a1Est\u00e9n atentos a nuestro blog para recibir todas las novedades e noticias de coches sin perderse nada!\",\"breadcrumb\":{\"@id\":\"https:\/\/dionisio.pt\/es\/noticias-blog\/#breadcrumb\"},\"inLanguage\":\"es\",\"potentialAction\":[{\"@type\":\"ReadAction\",\"target\":[\"https:\/\/dionisio.pt\/es\/noticias-blog\/\"]}]},{\"@type\":\"BreadcrumbList\",\"@id\":\"https:\/\/dionisio.pt\/es\/noticias-blog\/#breadcrumb\",\"itemListElement\":[{\"@type\":\"ListItem\",\"position\":1,\"name\":\"Noticias\/Blog\"}]}]}<\/script>\n<!-- \/ Yoast SEO plugin. -->","yoast_head_json":{"title":"Noticias de Coche - Dion\u00edsio Carreiro de Almeida, Lda","description":"\u00bfTe apasionan los coches? \u00a1Est\u00e9n atentos a nuestro blog para recibir todas las novedades e noticias de coches sin perderse nada!","robots":{"index":"index","follow":"follow","max-snippet":"max-snippet:-1","max-image-preview":"max-image-preview:large","max-video-preview":"max-video-preview:-1"},"canonical":"https:\/\/dionisio.pt\/es\/noticias-blog\/","og_locale":"es_ES","og_type":"article","og_title":"Noticias de Coche - Dion\u00edsio Carreiro de Almeida, Lda","og_description":"\u00bfTe apasionan los coches? \u00a1Est\u00e9n atentos a nuestro blog para recibir todas las novedades e noticias de coches sin perderse nada!","og_url":"https:\/\/dionisio.pt\/es\/noticias-blog\/","og_site_name":"Dion\u00edsio Carreiro de Almeida, Lda","article_modified_time":"2021-11-02T10:49:38+00:00","author":"administrador","twitter_card":"summary_large_image","schema":{"@context":"https:\/\/schema.org","@graph":[{"@type":"WebSite","@id":"https:\/\/dionisio.pt\/#website","url":"https:\/\/dionisio.pt\/","name":"Dion\u00edsio Carreiro de Almeida, Lda","description":"Com\u00e9rcio de viaturas novas e usadas em S\u00e3o Miguel, A\u00e7ores","potentialAction":[{"@type":"SearchAction","target":{"@type":"EntryPoint","urlTemplate":"https:\/\/dionisio.pt\/?s={search_term_string}"},"query-input":"required name=search_term_string"}],"inLanguage":"es"},{"@type":"WebPage","@id":"https:\/\/dionisio.pt\/es\/noticias-blog\/#webpage","url":"https:\/\/dionisio.pt\/es\/noticias-blog\/","name":"Noticias de Coche - Dion\u00edsio Carreiro de Almeida, Lda","isPartOf":{"@id":"https:\/\/dionisio.pt\/#website"},"datePublished":"2021-10-19T13:08:24+00:00","dateModified":"2021-11-02T10:49:38+00:00","description":"\u00bfTe apasionan los coches? \u00a1Est\u00e9n atentos a nuestro blog para recibir todas las novedades e noticias de coches sin perderse nada!","breadcrumb":{"@id":"https:\/\/dionisio.pt\/es\/noticias-blog\/#breadcrumb"},"inLanguage":"es","potentialAction":[{"@type":"ReadAction","target":["https:\/\/dionisio.pt\/es\/noticias-blog\/"]}]},{"@type":"BreadcrumbList","@id":"https:\/\/dionisio.pt\/es\/noticias-blog\/#breadcrumb","itemListElement":[{"@type":"ListItem","position":1,"name":"Noticias\/Blog"}]}]}},"_links":{"self":[{"href":"https:\/\/dionisio.pt\/es\/wp-json\/wp\/v2\/pages\/483","targetHints":{"allow":["GET"]}}],"collection":[{"href":"https:\/\/dionisio.pt\/es\/wp-json\/wp\/v2\/pages"}],"about":[{"href":"https:\/\/dionisio.pt\/es\/wp-json\/wp\/v2\/types\/page"}],"author":[{"embeddable":true,"href":"https:\/\/dionisio.pt\/es\/wp-json\/wp\/v2\/users\/1"}],"replies":[{"embeddable":true,"href":"https:\/\/dionisio.pt\/es\/wp-json\/wp\/v2\/comments?post=483"}],"version-history":[{"count":1,"href":"https:\/\/dionisio.pt\/es\/wp-json\/wp\/v2\/pages\/483\/revisions"}],"predecessor-version":[{"id":484,"href":"https:\/\/dionisio.pt\/es\/wp-json\/wp\/v2\/pages\/483\/revisions\/484"}],"wp:attachment":[{"href":"https:\/\/dionisio.pt\/es\/wp-json\/wp\/v2\/media?parent=483"}],"curies":[{"name":"wp","href":"https:\/\/api.w.org\/{rel}","templated":true}]}}